{"id":912,"date":"2015-08-22T09:18:52","date_gmt":"2015-08-22T07:18:52","guid":{"rendered":"http:\/\/www.cramer.gmbh\/agb"},"modified":"2017-02-27T11:28:37","modified_gmt":"2017-02-27T10:28:37","slug":"gtc","status":"publish","type":"page","link":"https:\/\/www.cramer.gmbh\/en\/gtc","title":{"rendered":"GTC"},"content":{"rendered":"<h1 class=\"h1-nospace\">ALLGEMEINE GESCH\u00c4FTSBEDINGUNGEN<\/h1>\n<p>&nbsp;<\/p>\n<ol>\n<li><strong>Geltungsbereich<\/strong><br \/>\nS\u00e4mtlichen Verk\u00e4ufen, Lieferungen und Leistungen der Cramer GmbH, Feldkirchen liegen die nachfolgenden Gesch\u00e4ftsbedingungen zugrunde. Von diesen Gesch\u00e4ftsbedingungen abweichende Bedingungen des Bestellers haben keine G\u00fcltigkeit, auch wenn wir die Bestellungen ausf\u00fchren, ohne zuvor diesen Bedingungen ausdr\u00fccklich widersprochen zu haben.<div class=\"ls-shortcode-wrapper shortcode-spacer clearfix\"><div class=\"spacer\"  style=\"height: 30px\"><\/div><\/div><\/li>\n<li><strong>Angebote Preise und Vertragsabschlu\u00df<\/strong><br \/>\nDie in Preislisten, Katalogen, Briefen, Telefonbestellungen, Faxbestellungen, E-Mails sowie anderen Tele- und Mediendiensten angegebenen Preise sind falls nicht anders vereinbart stets Nettopreise zuz\u00fcglich der gesetzlichen Mehrwertsteuer. Alle Angebote sind freibleibend. Die schriftliche Auftragsbest\u00e4tigung zum wirksamen Vertragsabschlu\u00df wird durch Lieferung und\/ oder Rechnungsstellung ersetzt. M\u00fcndliche Nebenabreden entgegen unseren Gesch\u00e4ftsbedingungen bed\u00fcrfen zur Wirksamkeit der Schriftform. Abbildungen, Ma\u00dfe, Gewichte oder sonstige Leistungsdaten sind nur verbindlich, wenn dies ausdr\u00fccklich schriftlich vereinbart wird. Dies gilt besonders f\u00fcr geringf\u00fcgige \u00c4nderungen des Lieferumfanges und der Inhaltsmenge der Verpackungseinheit seitens des Herstellers. Im Falle der Nichtverf\u00fcgbarkeit gilt als vereinbart die Lieferung nicht zu erbringen oder gegen eine in Qualit\u00e4t und Preis gleichwertige Lieferung zu ersetzen.<div class=\"ls-shortcode-wrapper shortcode-spacer clearfix\"><div class=\"spacer\"  style=\"height: 30px\"><\/div><\/div><\/li>\n<li><strong>Sonderanfertigungen<\/strong><br \/>\nDie Cramer GmbH wird kundenspezifische Rohmaterialien an Lager nehmen, um vorliegende Auftr\u00e4ge termingerecht abwickeln zu k\u00f6nnen. Die Bevorratungsmenge der Rohwaren entspricht der jeweiligen Mindestauflage beim Lieferanten inklusive etwaiger \u00dcberlieferungen, bei Mehrbedarf jedoch maximal einem Jahresbedarf. Im ungew\u00fcnschten Falle der Beendigung der Gesch\u00e4ftsverbindung bzw. Einstellung der Sonderanfertigung verpflichtet sich der Kunde zum Aufbrauch, zur Abnahme oder zur Bezahlung der entsprechend bevorrateten Rohmaterialien. Dies gilt auch im Falle von kundenspezifischen Ver\u00e4nderungsw\u00fcnschen oder bei gesetzlichen \u00c4nderungen.<div class=\"ls-shortcode-wrapper shortcode-spacer clearfix\"><div class=\"spacer\"  style=\"height: 30px\"><\/div><\/div><\/li>\n<li><strong>Lieferung und Erf\u00fcllungsort<\/strong><br \/>\nErf\u00fcllungsort f\u00fcr unsere Leistungen ist unser Firmensitz. Wir sind bem\u00fcht schnellstm\u00f6glich zu liefern, Lieferzeitangaben sind ann\u00e4hernd und unverbindlich. Teillieferungen liegen je nach Liefersituation in unserem eigenen Ermessen, falls nicht ausdr\u00fccklich anders vom Besteller bei der Bestellung vermerkt. Bei unvorhersehbaren Verz\u00f6gerungen werden Sie umgehend informiert.<div class=\"ls-shortcode-wrapper shortcode-spacer clearfix\"><div class=\"spacer\"  style=\"height: 30px\"><\/div><\/div><\/li>\n<li>Z<strong>ahlungsbedingungen<\/strong><br \/>\nDer Versand erfolgt grunds\u00e4tzlich per: Nachnahme, Lastschrift \/Einzugserm\u00e4chtigung oder Voraus\u00fcberweisung auf unser Konto f\u00fcr Neukunden im Inland und Ausland; \u00dcberweisung f\u00fcr Stammkunden. Bei Vorauszahlung erfolgt die Versendung der Ware nach Zahlungseingang. Bei Rechnung sind unsere Lieferungen innerhalb 8 Tagen mit 2% Skonto oder innerhalb von 30 Tagen ohne Abzug zur Zahlung f\u00e4llig. Abweichende Zahlungsbedingungen k\u00f6nnen mit dem K\u00e4ufer gesondert vereinbart werden. Die Aufrechnung mit Gegenforderungen ist nur zul\u00e4ssig, wenn wir die Gegenforderung anerkennen oder diese rechtskr\u00e4ftig festgestellt ist. Der K\u00e4ufer verzichtet auf das Zur\u00fcckbehaltungsrecht aus fr\u00fcheren Gesch\u00e4ften mit uns. Bei Zahlungsverzug sind wir berechtigt, Verzugszinsen von 8 % p.a. in Rechnung zu stellen. Der Nachweis eines h\u00f6heren oder geringeren Verzugsschadens ist dadurch nicht ausgeschlossen.Falls die Lastschrift eines K\u00e4ufers Mangels Deckung oder aufgrund einer fehlerhaften Kontoverbindung nicht eingel\u00f6st werden kann, hat der K\u00e4ufer die Kosten der zus\u00e4tzlichen Bankgeb\u00fchren zu tragen. Vorauszahlungen werden auf Wunsch 6 Wochen nach Erhalt zur\u00fcck\u00fcberwiesen, wenn wir aufgrund von Lieferschwierigkeiten in absehbarer Zeit nicht in der Lage sind, bestellte Artikel auszuliefern.<div class=\"ls-shortcode-wrapper shortcode-spacer clearfix\"><div class=\"spacer\"  style=\"height: 30px\"><\/div><\/div><\/li>\n<li><strong>Versandkosten<\/strong><br \/>\nLieferung erfolgt ab Werk. Abweichende Versandbedingungen k\u00f6nnen mit dem K\u00e4ufer gesondert vereinbart werden.<div class=\"ls-shortcode-wrapper shortcode-spacer clearfix\"><div class=\"spacer\"  style=\"height: 30px\"><\/div><\/div><\/li>\n<li><strong>Reklamation \/ Annahmeverweigerung \/ R\u00fccksendung<\/strong><br \/>\nDie Ware ist sofort bei Erhalt auf Vollst\u00e4ndigkeit und Richtigkeit zu pr\u00fcfen. Jede Lieferung, die wir versenden, wird sorgf\u00e4ltig verpackt. Bei Besch\u00e4digung einer Sendung auf dem Transportweg ist unter Beif\u00fcgung einer schriftlichen Best\u00e4tigung der Post, des Kuriers oder Frachtf\u00fchrers zu reklamieren. Der Anspruch auf Ersatz erlischt, wenn die Reklamation nicht innerhalb von 48 Stunden erfolgt. Bei Annahmeverweigerung ohne vorherige schriftliche Stornierung des Auftrages oder R\u00fccksendungen durch \u00dcberschreitung der Paket-Lagerfrist bzw. aufgrund unrichtiger Adressangaben berechnen wir einen Kostenanteil von 10.- EUR. R\u00fccksendungen werden nur frei und nach vorheriger Anmeldung angenommen. Bei berechtigten Reklamationen werden die R\u00fccksendekosten erstattet.<div class=\"ls-shortcode-wrapper shortcode-spacer clearfix\"><div class=\"spacer\"  style=\"height: 30px\"><\/div><\/div><\/li>\n<li><strong>Haftung<\/strong><br \/>\nDie Haftung beschr\u00e4nkt sich auf Sch\u00e4den, die von uns oder einem unserer Erf\u00fcllungsgehilfen grob fahrl\u00e4ssig oder vors\u00e4tzlich verursacht wurden. M\u00e4ngelanspr\u00fcche des K\u00e4ufers setzen voraus, dass dieser seinen nach \u00a7 377 HGB geschuldeten Untersuchungs- und R\u00fcgeobliegenheiten ordnungsgem\u00e4\u00df nachgekommen ist. Im \u00dcbrigen m\u00fcssen M\u00e4ngelanspr\u00fcche grunds\u00e4tzlich schriftlich geltend gemacht werden. M\u00fcndliche Anzeigen gelten nur dann und nur in dem Umfang als erfolgt, wenn der K\u00e4ufer eine schriftliche Eingangsbest\u00e4tigung des Verk\u00e4ufers vorlegen kann. Sollte die gelieferte Kaufsache trotz aller aufgewendeter Sorgfalt einen Mangel aufweisen, der bereits zum Zeitpunkt des Gefahr\u00fcbergangs vorlag, so werden wir die Kaufsache \u2013 vorbehaltlich frist- und ordnungsgem\u00e4\u00dfer schriftlicher M\u00e4ngelr\u00fcge \u2013 nach unserer Wahl nachbessern oder Ersatzware liefern. Es ist uns stets Gelegenheit zur Nacherf\u00fcllung innerhalb angemessener Frist zu geben. Schl\u00e4gt die Nacherf\u00fcllung zweimal fehl, so kann der K\u00e4ufer \u2013 unbeschadet weiterer Rechte \u2013 vom Vertrag zur\u00fccktreten oder den Kaufpreis mindern. Der K\u00e4ufer muss uns unverz\u00fcglich Gelegenheit geben, sich von dem Mangel zu \u00fcberzeugen, insbesondere muss er auf Verlangen die beanstandete Ware oder Proben davon unverz\u00fcglich zur Verf\u00fcgung stellen; kommt er dem nicht nach, so entfallen alle Rechte wegen des Mangels. Anspr\u00fcche des K\u00e4ufers wegen ihm zur Nacherf\u00fcllung entstehenden Kosten, insbesondere Transport-, Wege-, Arbeits- und Materialkosten, sind ausgeschlossen.<div class=\"ls-shortcode-wrapper shortcode-spacer clearfix\"><div class=\"spacer\"  style=\"height: 30px\"><\/div><\/div><\/li>\n<li><strong>Eigentumsvorbehalt<\/strong><br \/>\nWir liefern nur auf der Basis des nachstehend n\u00e4her geschilderten Eigentumsvorbehaltes. Dies gilt auch f\u00fcr alle zuk\u00fcnftigen Lieferungen, auch wenn wir uns nicht stets ausdr\u00fccklich hierauf berufen. Wir behalten uns das Eigentum an der gelieferten Sache bis zur vollst\u00e4ndigen Zahlung s\u00e4mtlicher Forderungen aus dem Liefervertrag vor. Wir sind berechtigt, die Kaufsache zur\u00fcckzunehmen, wenn der K\u00e4ufer sich vertragswidrig verh\u00e4lt.Der K\u00e4ufer ist verpflichtet, solange das Eigentum noch nicht auf ihn \u00fcbergegangen ist, die Kaufsache pfleglich zu behandeln. Solange das Eigentum noch nicht \u00fcbergegangen ist, hat uns der K\u00e4ufer unverz\u00fcglich schriftlich zu benachrichtigen, wenn der gelieferte Gegenstand gepf\u00e4ndet oder sonstigen Eingriffen Dritter ausgesetzt ist. Soweit der Dritte nicht in der Lage ist, uns die gerichtlichen und au\u00dfergerichtlichen Kosten einer Klage gem\u00e4\u00df \u00a7 771 ZPO zu erstatten, haftet der K\u00e4ufer f\u00fcr den uns entstandenen Ausfall. Der K\u00e4ufer ist zur Weiterver\u00e4u\u00dferung der Vorbehaltsware im normalen Gesch\u00e4ftsverkehr berechtigt. Die Forderungen des Abnehmers aus der Weiterver\u00e4u\u00dferung der Vorbehaltsware tritt der K\u00e4ufer schon jetzt an uns in H\u00f6he des mit uns vereinbarten Faktura-Endbetrages (einschlie\u00dflich Mehrwertsteuer) ab. Diese Abtretung gilt unabh\u00e4ngig davon, ob die Kaufsache ohne oder nach Verarbeitung weiterverkauft worden ist. Der K\u00e4ufer bleibt zur Einziehung der Forderung auch nach der Abtretung erm\u00e4chtigt. Unsere Befugnis, die Forderung selbst einzuziehen, bleibt davon unber\u00fchrt. Wir werden jedoch die Forderung nicht einziehen, solange der K\u00e4ufer seinen Zahlungsverpflichtungen aus den vereinnahmten Erl\u00f6sen nachkommt, nicht in Zahlungsverzug ist und insbesondere kein Antrag auf Er\u00f6ffnung eines Insolvenzverfahrens gestellt ist oder Zahlungseinstellung vorliegt.<div class=\"ls-shortcode-wrapper shortcode-spacer clearfix\"><div class=\"spacer\"  style=\"height: 30px\"><\/div><\/div><\/li>\n<li><strong>Haftungsausschlu\u00df<\/strong><br \/>\nDie Inhalte unserer Prospekte und Merkbl\u00e4tter werden mit Sorgfalt erstellt und regelm\u00e4\u00dfig \u00fcberarbeitet. Trotzdem k\u00f6nnen wir keine Haftung f\u00fcr Richtigkeit und Vollst\u00e4ndigkeit der bereitgestellten Informationen \u00fcbernehmen.<div class=\"ls-shortcode-wrapper shortcode-spacer clearfix\"><div class=\"spacer\"  style=\"height: 30px\"><\/div><\/div><\/li>\n<li><strong>Anwendbares Recht bei Streitigkeiten<\/strong><br \/>\nF\u00fcr s\u00e4mtliche Rechtsbeziehungen der Parteien gilt ausschlie\u00dflich das Recht der Bundesrepublik Deutschland. F\u00fcr alle sich aus dem Vertragsverh\u00e4ltnis ergebenden Streitigkeiten ist ausschlie\u00dflicher Gerichtstand M\u00fcnchen.<div class=\"ls-shortcode-wrapper shortcode-spacer clearfix\"><div class=\"spacer\"  style=\"height: 30px\"><\/div><\/div><\/li>\n<li><strong>Schlu\u00dfbestimmungen<\/strong><br \/>\nSollten sich einzelne der vorstehenden Bedingungen als unwirksam erweisen, so bleibt die Wirksamkeit der anderen unber\u00fchrt. Die unwirksamen Bedingungen sind durch wirksame zu ersetzen, die den Zweck der weggefallenen Bedingungen mit gr\u00f6\u00dftm\u00f6glicher N\u00e4herung erreichen.<div class=\"ls-shortcode-wrapper shortcode-spacer clearfix\"><div class=\"spacer\"  style=\"height: 30px\"><\/div><\/div><\/li>\n<\/ol>\n<p>&nbsp;<\/p>\n<p>Stand: 01. Januar 2016 \/ Cramer GmbH, Salzstra\u00dfe 8 A, 85622 Feldkirchen<\/p>\n","protected":false},"excerpt":{"rendered":"<p>ALLGEMEINE GESCH\u00c4FTSBEDINGUNGEN &nbsp; Geltungsbereich S\u00e4mtlichen Verk\u00e4ufen, Lieferungen und Leistungen der Cramer GmbH, Feldkirchen liegen die nachfolgenden Gesch\u00e4ftsbedingungen zugrunde. Von diesen Gesch\u00e4ftsbedingungen abweichende Bedingungen des Bestellers haben keine G\u00fcltigkeit, auch wenn <a class=\"moretag\" href=\"https:\/\/www.cramer.gmbh\/en\/gtc\">read more&#8230;<\/a><\/p>\n","protected":false},"author":1,"featured_media":0,"parent":0,"menu_order":26,"comment_status":"closed","ping_status":"closed","template":"","meta":{"_acf_changed":false,"footnotes":""},"class_list":["post-912","page","type-page","status-publish","hentry"],"acf":[],"_links":{"self":[{"href":"https:\/\/www.cramer.gmbh\/en\/wp-json\/wp\/v2\/pages\/912","targetHints":{"allow":["GET"]}}],"collection":[{"href":"https:\/\/www.cramer.gmbh\/en\/wp-json\/wp\/v2\/pages"}],"about":[{"href":"https:\/\/www.cramer.gmbh\/en\/wp-json\/wp\/v2\/types\/page"}],"author":[{"embeddable":true,"href":"https:\/\/www.cramer.gmbh\/en\/wp-json\/wp\/v2\/users\/1"}],"replies":[{"embeddable":true,"href":"https:\/\/www.cramer.gmbh\/en\/wp-json\/wp\/v2\/comments?post=912"}],"version-history":[{"count":0,"href":"https:\/\/www.cramer.gmbh\/en\/wp-json\/wp\/v2\/pages\/912\/revisions"}],"wp:attachment":[{"href":"https:\/\/www.cramer.gmbh\/en\/wp-json\/wp\/v2\/media?parent=912"}],"curies":[{"name":"wp","href":"https:\/\/api.w.org\/{rel}","templated":true}]}}