{"id":1258,"date":"2015-08-22T09:18:52","date_gmt":"2015-08-22T07:18:52","guid":{"rendered":"http:\/\/cramer.lake-studio.de\/impressum"},"modified":"2018-06-19T11:04:06","modified_gmt":"2018-06-19T09:04:06","slug":"aviso-legal","status":"publish","type":"page","link":"https:\/\/www.cramer.gmbh\/es\/aviso-legal","title":{"rendered":"Aviso legal"},"content":{"rendered":"\n\t\t<section  class=\"content-section    no-margin \" >\n\t\t\t<div class=\"row   \">\n\t\t\t\t[vc_column width=\u00bb1\/2&#8243;][vc_column_text el_class=\u00bbls-text-right-md\u00bb]\n<h1 class=\"h2-nospace h1-nospace\">AVISO LEGAL<\/h1>\n[\/vc_column_text][\/vc_column][vc_column width=\u00bb1\/2&#8243;][vc_column_text]<strong>CRAMER GmbH<\/strong><br \/>\nSalzstra\u00dfe 8 A<br \/>\n85622 Feldkirchen bei M\u00fcnchen<\/p>\n<p>Tel\u00e9fono: +49 89 99909770<br \/>\nFax: +49 89 999097777<br \/>\nE-mail: i&#110;&#102;&#x6f;&#x40;c&#114;&#97;&#x6d;&#x65;&#x72;-&#103;&#109;&#x62;&#x68;&#46;d&#101;<br \/>\nInternet: www.cramer.gmbh<\/p>\n<p>Sede de la empresa: Feldkirchen bei M\u00fcnchen<br \/>\nRegistro: Amtsgericht M\u00fcnchen<br \/>\nN\u00famero de registro: HRB 79687<br \/>\nDirectores Generales: Peter Heuberger, Christian Heuberger<br \/>\nN\u00famero de identificaci\u00f3n a efectos del impuesto sobre el valor a\u00f1adido seg\u00fan \u00a7 27 de la ley del impuesto sobre el valor a\u00f1adido:<br \/>\nDE 169255775<\/p>\n<p>Responsable del contenido seg\u00fan \u00a7 6 MDStV: Peter Heuberger[\/vc_column_text][\/vc_column]\t\t\t<\/div>\n\t\t\t\t\t<\/section>\n\n\t\n\t\t<section  class=\"content-section    mt-30-xs mb-30-xs \" >\n\t\t\t<div class=\"row   \">\n\t\t\t\t[vc_column][ls_vc_divider][\/vc_column]\t\t\t<\/div>\n\t\t\t\t\t<\/section>\n\n\t\n\t\t<section  class=\"content-section    no-margin \" >\n\t\t\t<div class=\"row   \">\n\t\t\t\t[vc_column][vc_column_text]\n<h3>Exclusi\u00f3n de garant\u00edas y responsabilidad<\/h3>\n<p>Toda la informaci\u00f3n contenida en nuestro sitio web ha sido cuidadosamente verificada por Cramer GmbH o por terceros y evaluada. Sin embargo, ni Cramer GmbH ni terceros, asumir\u00e1n responsabilidad alguna, en cuanto a la correcci\u00f3n, integridad y actualizaci\u00f3n de la informaci\u00f3n contenida. Toda informaci\u00f3n contenida, tiene estrictamente la mera funci\u00f3n de informar a los visitantes de la p\u00e1gina web de Cramer. Por lo dem\u00e1s, la responsabilidad est\u00e1 limitada a los da\u00f1os causados de forma intencional o por negligencia grave. Nuestra p\u00e1gina web contiene enlaces a p\u00e1ginas web externas de terceros, sobre cuyo contenido no tenemos ninguna influencia. Por lo tanto, no podemos asumir ninguna responsabilidad por estos contenidos externos. El proveedor de servicios o el propietario de dichas p\u00e1ginas ser\u00e1 el responsable de los contenidos de las mismas. Los links vinculados se revisaron en el momento de su vinculaci\u00f3n en cuanto a posibles infracciones legales sin que se detectara ninguna ilegalidad. Asimismo, no es exigible un control de contenidos permanente de las p\u00e1ginas vinculadas sin que medien indicios concretos de infracciones. En cuanto tengamos conocimiento de la infracci\u00f3n eliminaremos los contenidos correspondientes de inmediato. \u00a0Adem\u00e1s, cabe prever la posibilidad de que el sitio web de Cramer GmbH se haya sido vinculado con otras p\u00e1ginas web a trav\u00e9s de hiperv\u00ednculos. El Cramer GmbH no asume ninguna responsabilidad por la presentaci\u00f3n, el contenido o cualquier enlace en relaci\u00f3n con Cramer, que aparezca en p\u00e1ginas web de terceros. Adem\u00e1s, Cramer GmbH se reserva el derecho de efectuar los cambios o modificaciones que considere convenientes, de la informaci\u00f3n proporcionada en su website.<\/p>\n<h3>Derechos de propiedad intelectual<\/h3>\n<p>El contenido y la estructura del sitio web de Cramer GmbH est\u00e1n sujetos a la ley alemana de propiedad intelectual. La duplicaci\u00f3n de informaci\u00f3n o datos, en particular el uso de textos, partes de texto o material de im\u00e1genes requiere el consentimiento previo y expreso de Cramer GmbH. La duplicaci\u00f3n, el procesamiento, la distribuci\u00f3n y cualquier tipo de explotaci\u00f3n fuera de los l\u00edmites de los derechos de autor requieren el consentimiento por escrito de Cramer GmbH. Las descargas y copias de este sitio son solo para uso privado y no comercial. Siempre que los contenidos en esta p\u00e1gina no hayan sido creados por Cramer GmbH, se respetar\u00e1n los derechos de autor de terceros. No obstante, si tiene constancia de que se est\u00e1n infringiendo los derechos de propiedad intelectual, le rogamos que nos informe de inmediato. En cuanto tengamos conocimiento de infracciones jur\u00eddicas eliminaremos inmediatamente esos contenidos. La fuente de las im\u00e1genes y gr\u00e1ficos utilizados proceden de:<\/p>\n<p><a title=\"cramer-gmbh.de\" href=\"https:\/\/www.cramer.gmbh\">www.cramer.gmbh<\/a><br \/>\n<a title=\"www.fotolia.de\" href=\"http:\/\/www.fotolia.de\" target=\"_blank\" rel=\"nofollow noopener\">www.fotolia.de<\/a><\/p>\n<h3>Pol\u00edtica de privacidad<\/h3>\n<p>Cramer GmbH se toma muy en serio la protecci\u00f3n de sus datos personales. Al utilizar este sitio web, se recopilan diversos datos personales. Los datos personales son datos con los que usted puede ser identificado personalmente. Nuestra pol\u00edtica de privacidad explica qu\u00e9 datos se recogen y para qu\u00e9 los utilizamos. Encontrar\u00e1 informaci\u00f3n detallada en nuestra <a title=\"Pol\u00edtica de Privacidad\" href=\"https:\/\/www.cramer.gmbh\/es\/politica-de-privacidad\">pol\u00edtica de privacidad<\/a>.<\/p>\n<h3>La utilizaci\u00f3n del contenido de este sitio web<strong><br \/>\n<\/strong><\/h3>\n<p>Cramer GmbH se opone expresamente a cualquier almacenamiento, uso o divulgaci\u00f3n de la informaci\u00f3n publicada aqu\u00ed con fines comerciales.<strong><br \/>\n<\/strong><\/p>\n<h3>Cl\u00e1usula de nulidad parcial<\/h3>\n<p>Si alguna disposici\u00f3n de los T\u00e9rminos resulta ser inv\u00e1lida, ello no afectar\u00e1 a la validez de las disposiciones restantes. Dichas disposiciones se reemplazar\u00e1n, en la medida de lo posible, por otras disposiciones v\u00e1lidas que cumplan ampliamente el prop\u00f3sito econ\u00f3mico o jur\u00eddico previsto.[\/vc_column_text][\/vc_column]\t\t\t<\/div>\n\t\t\t\t\t<\/section>\n\n\t\n","protected":false},"excerpt":{"rendered":"[vc_column width=\"1\/2\"][vc_column_text el_class=\"ls-text-right-md\"] AVISO LEGAL [\/vc_column_text][\/vc_column][vc_column width=\"1\/2\"][vc_column_text]CRAMER GmbH Salzstra\u00dfe 8 A 85622 Feldkirchen bei M\u00fcnchen Tel\u00e9fono: +49 89 99909770 Fax: +49 89 999097777 E-mail: &#x69;&#x6e;&#102;&#111;&#64;c&#x72;&#x61;&#x6d;&#101;r-&#x67;&#x6d;&#x62;&#104;&#46;d&#x65; Internet: www.cramer.gmbh Sede de la <a class=\"moretag\" href=\"https:\/\/www.cramer.gmbh\/es\/aviso-legal\">read more...<\/a>","protected":false},"author":1,"featured_media":0,"parent":0,"menu_order":28,"comment_status":"closed","ping_status":"closed","template":"","meta":{"_acf_changed":false,"footnotes":""},"class_list":["post-1258","page","type-page","status-publish","hentry"],"acf":[],"_links":{"self":[{"href":"https:\/\/www.cramer.gmbh\/es\/wp-json\/wp\/v2\/pages\/1258","targetHints":{"allow":["GET"]}}],"collection":[{"href":"https:\/\/www.cramer.gmbh\/es\/wp-json\/wp\/v2\/pages"}],"about":[{"href":"https:\/\/www.cramer.gmbh\/es\/wp-json\/wp\/v2\/types\/page"}],"author":[{"embeddable":true,"href":"https:\/\/www.cramer.gmbh\/es\/wp-json\/wp\/v2\/users\/1"}],"replies":[{"embeddable":true,"href":"https:\/\/www.cramer.gmbh\/es\/wp-json\/wp\/v2\/comments?post=1258"}],"version-history":[{"count":5,"href":"https:\/\/www.cramer.gmbh\/es\/wp-json\/wp\/v2\/pages\/1258\/revisions"}],"predecessor-version":[{"id":1594,"href":"https:\/\/www.cramer.gmbh\/es\/wp-json\/wp\/v2\/pages\/1258\/revisions\/1594"}],"wp:attachment":[{"href":"https:\/\/www.cramer.gmbh\/es\/wp-json\/wp\/v2\/media?parent=1258"}],"curies":[{"name":"wp","href":"https:\/\/api.w.org\/{rel}","templated":true}]}}