{"id":1365,"date":"2017-02-08T07:43:43","date_gmt":"2017-02-08T06:43:43","guid":{"rendered":"http:\/\/cramer.lake-studio.de\/home"},"modified":"2021-12-06T14:02:25","modified_gmt":"2021-12-06T13:02:25","slug":"pagina-principal","status":"publish","type":"page","link":"https:\/\/www.cramer.gmbh\/es","title":{"rendered":"P\u00e1gina principal"},"content":{"rendered":"\n\t\t<section  class=\"content-section    no-margin \" >\n\t\t\t<div class=\"row   \">\n\t\t\t\t[vc_column][vc_single_image image=\u00bb2614&#8243; img_size=\u00bbfull\u00bb][\/vc_column]\t\t\t<\/div>\n\t\t\t\t\t<\/section>\n\n\t\n\t\t<section  class=\"content-section  pt-30-xs pb-30-xs pt-70-md pb-70-md  no-margin \" >\n\t\t\t<div class=\"row   \">\n\t\t\t\t[vc_column width=\u00bb1\/2&#8243; el_class=\u00bbrechts\u00bb][vc_column_text]\n<h2 class=\"h2-nospace\">EL BA\u00d1O ACTUAL<\/h2>\n<h2 class=\"h2-thin-grey\">POR QU\u00c9 ES IMPORTANTE TENER UN BA\u00d1O BIEN CUIDADO<\/h2>\n[\/vc_column_text][\/vc_column][vc_column width=\u00bb1\/2&#8243; el_class=\u00bblinks\u00bb][vc_column_text]El ba\u00f1o est\u00e1 concebido para el cuidado de uno mismo y en ocasiones, para la b\u00fasqueda de tranquilidad. Hace s\u00f3lo unos a\u00f1os, los ba\u00f1os ten\u00edan la \u00fanica funci\u00f3n de ser pr\u00e1cticos. Entonces, la funcionalidad estaba por delante del dise\u00f1o y la utilidad por delante de la est\u00e9tica. Hoy en d\u00eda, los ba\u00f1os son tambi\u00e9n un oasis de paz y tranquilidad. Relajarse en una ba\u00f1era con agua caliente, no solo es bueno para el bienestar f\u00edsico, sino que adem\u00e1s ayuda a la reducci\u00f3n del estr\u00e9s diario. Es por eso que, un ba\u00f1o bien cuidado es muy importante para nosotros.[\/vc_column_text][\/vc_column]\t\t\t<\/div>\n\t\t\t\t\t<\/section>\n\n\t\n\t\t<section  class=\"content-section    no-margin \" >\n\t\t\t<div class=\"row   \">\n\t\t\t\t[vc_column][ls_vc_product vc_values=\u00bb%5B%7B%22vc_product_background%22%3A%22reinigung-und-pflege%22%2C%22vc_product_title%22%3A%22LIMPIEZA%20Y%20CUIDADO%22%2C%22vc_product_teaser%22%3A%22Nuestro%20programa%20de%20limpieza%20para%20un%20ba%C3%B1o%20perfecto%20y%20bien%20cuidado%22%2C%22vc_product_image%22%3A%221848%22%2C%22vc_product_link%22%3A%22url%3Ahttps%253A%252F%252Fwww.cramer.gmbh%252Fes%252Flimpieza-y-cuidado%22%7D%2C%7B%22vc_product_background%22%3A%22perfekt-reparieren%22%2C%22vc_product_title%22%3A%22REPARACI%C3%93N%20PERFECTA%22%2C%22vc_product_teaser%22%3A%22Reparaci%C3%B3n%20de%20da%C3%B1os%20por%20impacto%20o%20ara%C3%B1azos%2C%20de%20forma%20duradera%2C%20f%C3%A1cil%20y%20r%C3%A1pida%22%2C%22vc_product_image%22%3A%22567%22%2C%22vc_product_link%22%3A%22url%3Ahttps%253A%252F%252Fwww.cramer.gmbh%252Fes%252Freparacion%22%7D%2C%7B%22vc_product_background%22%3A%22fugenwerkzeuge%22%2C%22vc_product_title%22%3A%22JUNTAS%20DE%20SILICONA%20MAGISTRALES%22%2C%22vc_product_teaser%22%3A%22Nuestras%20herramientas%20para%20juntas%20-%20para%20unas%20juntas%20perfectas%2C%20sin%20utilizar%20agua%20y%20jab%C3%B3n%22%2C%22vc_product_image%22%3A%22429%22%2C%22vc_product_link%22%3A%22url%3Ahttps%253A%252F%252Fwww.cramer.gmbh%252Fes%252Fherramientas-para-juntas%22%7D%5D\u00bb][\/vc_column]\t\t\t<\/div>\n\t\t\t\t\t<\/section>\n\n\t\n\t\t<section  class=\"content-section  pt-30-xs pb-30-xs pt-70-md pb-70-md  no-margin \" >\n\t\t\t<div class=\"row   \">\n\t\t\t\t[vc_column width=\u00bb1\/2&#8243; el_class=\u00bbrechts\u00bb][vc_column_text]\n<h2 class=\"h2-nospace\">SOLUCIONES INNOVADORAS<\/h2>\n<h2 class=\"h2-thin-grey\">F\u00c1CILES DE USAR Y \u00daNICAS<\/h2>\n[\/vc_column_text][\/vc_column][vc_column width=\u00bb1\/2&#8243;][vc_column_text]Con nuestro programa integral para superficies sanitarias, usted ofrecer\u00e1 a sus clientes seg\u00fan las necesidades, soluciones adecuadas a los diferentes \u00e1mbitos: Ya sea para limpieza, cuidado, tratamiento o reparaci\u00f3n de las distintas superficies. En todos nuestros productos, el tratamiento espec\u00edfico seg\u00fan el material, la aplicaci\u00f3n sencilla, aunque muy segura, as\u00ed como la obtenci\u00f3n de un resultado perfecto, est\u00e1n entre nuestras prioridades. La excepcional composici\u00f3n de nuestros productos est\u00e1 certificada por T\u00dcV, lo que confirma, el cumplimiento de los m\u00e1s altos est\u00e1ndares de calidad, con el objetivo de prolongar la vida de su ba\u00f1o.[\/vc_column_text][\/vc_column]\t\t\t<\/div>\n\t\t\t\t\t<\/section>\n\n\t\n\t\t<section  class=\"content-section    mt-30-xs mb-30-xs \" >\n\t\t\t<div class=\"row   \">\n\t\t\t\t[vc_column][vc_single_image image=\u00bb2811&#8243; img_size=\u00bbfull\u00bb][\/vc_column]\t\t\t<\/div>\n\t\t\t\t\t<\/section>\n\n\t\n\t\t<section  class=\"content-section  pt-30-xs pb-30-xs pt-70-md pb-70-md  no-margin \" >\n\t\t\t<div class=\"row   \">\n\t\t\t\t[vc_column width=\u00bb1\/2&#8243; el_class=\u00bbrechts\u00bb][vc_column_text]\n<h1>CRAMER \u2013\u00a0LOS EXPERTOS\u00a0EN SUPERFICIES SANITARIAS<\/h1>\n[\/vc_column_text][\/vc_column][vc_column width=\u00bb1\/2&#8243; el_class=\u00bblinks\u00bb][vc_column_text]Un ba\u00f1o moderno ya no se limita \u00fanicamente a superficies de cer\u00e1mica y esmaltadas. Hoy en d\u00eda, existen numerosos materiales y nuevas superficies, como el acr\u00edlico, el gel coat o las llamadas \u201ceasy-to-clean\u201d. Lo que conlleva, que la limpieza y el cuidado resulten complejos: Un limpiador sanitario est\u00e1ndar puede da\u00f1ar el esmalte de una ba\u00f1era &#8211; el uso de un limpiacristales convencional, deteriorar\u00e1 las juntas de la ducha. Los clientes se sienten amenudo desbordados acerca del cuidado y limpieza de su ba\u00f1o y rara vez est\u00e1n dispuestos a leer la letra peque\u00f1a de cada producto de limpieza. Sin embargo, si sucede que el ba\u00f1o sufre alg\u00fan tipo de deterioro, ya sea por el uso de alg\u00fan producto inadecuado o por simple dejadez, el cliente se dirigir\u00e1 directamente al comercial que le vendi\u00f3 dicho conjunto de ba\u00f1o. Cramer le ofrece un programa integral que tiene en cuenta las demandas y necesidades de sus clientes. Original Cramer &#8211; \u00a1y su ba\u00f1o quedar\u00e1 perfecto![\/vc_column_text][\/vc_column]\t\t\t<\/div>\n\t\t\t\t\t<\/section>\n\n\t\n","protected":false},"excerpt":{"rendered":"[vc_column][vc_single_image image=\"2614\" img_size=\"full\"][\/vc_column] [vc_column width=\"1\/2\" el_class=\"rechts\"][vc_column_text] EL BA\u00d1O ACTUAL POR QU\u00c9 ES IMPORTANTE TENER UN BA\u00d1O BIEN CUIDADO [\/vc_column_text][\/vc_column][vc_column width=\"1\/2\" el_class=\"links\"][vc_column_text]El ba\u00f1o est\u00e1 concebido para el cuidado de uno mismo <a class=\"moretag\" href=\"https:\/\/www.cramer.gmbh\/es\">read more...<\/a>","protected":false},"author":3,"featured_media":0,"parent":0,"menu_order":1,"comment_status":"open","ping_status":"closed","template":"tmpl\/template-home.php","meta":{"_acf_changed":false,"footnotes":""},"class_list":["post-1365","page","type-page","status-publish","hentry"],"acf":[],"_links":{"self":[{"href":"https:\/\/www.cramer.gmbh\/es\/wp-json\/wp\/v2\/pages\/1365","targetHints":{"allow":["GET"]}}],"collection":[{"href":"https:\/\/www.cramer.gmbh\/es\/wp-json\/wp\/v2\/pages"}],"about":[{"href":"https:\/\/www.cramer.gmbh\/es\/wp-json\/wp\/v2\/types\/page"}],"author":[{"embeddable":true,"href":"https:\/\/www.cramer.gmbh\/es\/wp-json\/wp\/v2\/users\/3"}],"replies":[{"embeddable":true,"href":"https:\/\/www.cramer.gmbh\/es\/wp-json\/wp\/v2\/comments?post=1365"}],"version-history":[{"count":16,"href":"https:\/\/www.cramer.gmbh\/es\/wp-json\/wp\/v2\/pages\/1365\/revisions"}],"predecessor-version":[{"id":3404,"href":"https:\/\/www.cramer.gmbh\/es\/wp-json\/wp\/v2\/pages\/1365\/revisions\/3404"}],"wp:attachment":[{"href":"https:\/\/www.cramer.gmbh\/es\/wp-json\/wp\/v2\/media?parent=1365"}],"curies":[{"name":"wp","href":"https:\/\/api.w.org\/{rel}","templated":true}]}}