{"id":1369,"date":"2017-02-15T13:58:12","date_gmt":"2017-02-15T12:58:12","guid":{"rendered":"http:\/\/cramer.lake-studio.de\/reinigen"},"modified":"2018-11-12T10:08:41","modified_gmt":"2018-11-12T09:08:41","slug":"limpieza-y-cuidado","status":"publish","type":"page","link":"https:\/\/www.cramer.gmbh\/es\/limpieza-y-cuidado","title":{"rendered":"Limpieza y cuidado"},"content":{"rendered":"\n\t\t<section  class=\"content-section    mb-30-xs mb-40-md \" >\n\t\t\t<div class=\"row   \">\n\t\t\t\t[vc_column width=\u00bb1\/2&#8243; vc_columns_push=\u00bbls-col-md-push-6&#8243;][vc_single_image image=\u00bb1848&#8243; img_size=\u00bblarge\u00bb][\/vc_column][vc_column width=\u00bb1\/2&#8243; vc_columns_pull=\u00bbls-col-md-pull-6&#8243;][vc_column_text]\n<h2 class=\"h2-thin-grey\">DESCUBRA LA BELLEZA DE SU BA\u00d1O<\/h2>\n<p>La correcta limpieza y cuidado de su ba\u00f1o, pueden convertirse en todo un reto. Si usted tiene, una ba\u00f1era de <a title=\"Los materiales de las superficies sanitarias\" href=\"https:\/\/www.cramer.gmbh\/es\/los-materiales-de-las-superficies-sanitarias#pg-33-1\">esmalte<\/a>, la ducha de <a title=\"Los materiales de las superficies sanitarias\" href=\"https:\/\/www.cramer.gmbh\/es\/los-materiales-de-las-superficies-sanitarias#pg-33-5\">acr\u00edlico<\/a> y el lavabo de <a title=\"Los materiales de las superficies sanitarias\" href=\"https:\/\/www.cramer.gmbh\/es\/los-materiales-de-las-superficies-sanitarias#pg-33-7\">gel coat<\/a> &#8211; memorizar cada uno de estos materiales resulta complicado &#8211; incluso para los profesionales del sector. El posible deterioro que, limpiadores comerciales del mercado pueden causar en las diferentes superficies de su ba\u00f1o, s\u00f3lo se indica generalmente en letra peque\u00f1a, ya que un limpiador que ofrezca una limpieza profunda y a la vez, sea respetuoso con cada superficie de su ba\u00f1o, no existe actualmente en el mercado. Informe a sus clientes, de c\u00f3mo limpiar un ba\u00f1o de alta calidad, de manera profunda, sin da\u00f1ar la superficie. La gama de productos de limpieza y cuidado Cramer, est\u00e1 recomendada por los especialistas del sector sanitario &#8211; un programa de cuidado, que sus clientes van a agradecer.[\/vc_column_text][\/vc_column]\t\t\t<\/div>\n\t\t\t\t\t<\/section>\n\n\t\n","protected":false},"excerpt":{"rendered":"[vc_column width=\"1\/2\" vc_columns_push=\"ls-col-md-push-6\"][vc_single_image image=\"1848\" img_size=\"large\"][\/vc_column][vc_column width=\"1\/2\" vc_columns_pull=\"ls-col-md-pull-6\"][vc_column_text] DESCUBRA LA BELLEZA DE SU BA\u00d1O La correcta limpieza y cuidado de su ba\u00f1o, pueden convertirse en todo un reto. Si usted tiene, <a class=\"moretag\" href=\"https:\/\/www.cramer.gmbh\/es\/limpieza-y-cuidado\">read more...<\/a>","protected":false},"author":1,"featured_media":0,"parent":0,"menu_order":4,"comment_status":"closed","ping_status":"closed","template":"tmpl\/template-cleaning.php","meta":{"_acf_changed":false,"footnotes":""},"class_list":["post-1369","page","type-page","status-publish","hentry"],"acf":[],"_links":{"self":[{"href":"https:\/\/www.cramer.gmbh\/es\/wp-json\/wp\/v2\/pages\/1369","targetHints":{"allow":["GET"]}}],"collection":[{"href":"https:\/\/www.cramer.gmbh\/es\/wp-json\/wp\/v2\/pages"}],"about":[{"href":"https:\/\/www.cramer.gmbh\/es\/wp-json\/wp\/v2\/types\/page"}],"author":[{"embeddable":true,"href":"https:\/\/www.cramer.gmbh\/es\/wp-json\/wp\/v2\/users\/1"}],"replies":[{"embeddable":true,"href":"https:\/\/www.cramer.gmbh\/es\/wp-json\/wp\/v2\/comments?post=1369"}],"version-history":[{"count":3,"href":"https:\/\/www.cramer.gmbh\/es\/wp-json\/wp\/v2\/pages\/1369\/revisions"}],"predecessor-version":[{"id":2234,"href":"https:\/\/www.cramer.gmbh\/es\/wp-json\/wp\/v2\/pages\/1369\/revisions\/2234"}],"wp:attachment":[{"href":"https:\/\/www.cramer.gmbh\/es\/wp-json\/wp\/v2\/media?parent=1369"}],"curies":[{"name":"wp","href":"https:\/\/api.w.org\/{rel}","templated":true}]}}