{"id":1373,"date":"2017-02-15T14:09:06","date_gmt":"2017-02-15T13:09:06","guid":{"rendered":"http:\/\/cramer.lake-studio.de\/reparieren"},"modified":"2018-11-05T12:03:27","modified_gmt":"2018-11-05T11:03:27","slug":"reparacion","status":"publish","type":"page","link":"https:\/\/www.cramer.gmbh\/es\/reparacion","title":{"rendered":"La reparaci\u00f3n perfecta"},"content":{"rendered":"\n\t\t<section  class=\"content-section    mb-30-xs mb-40-md \" >\n\t\t\t<div class=\"row   \">\n\t\t\t\t[vc_column width=\u00bb1\/2&#8243; vc_columns_push=\u00bbls-col-md-push-6&#8243;][vc_single_image image=\u00bb433&#8243; img_size=\u00bblarge\u00bb][\/vc_column][vc_column width=\u00bb1\/2&#8243; vc_columns_pull=\u00bbls-col-md-pull-6&#8243;][vc_column_text]\n<h2 class=\"h2-thin-grey\">DESPERFECTOS EN EL BA\u00d1O &#8211; \u00bfY AHORA QU\u00c9?<\/h2>\n<p>En un momento, se puede armar: Cuando estaban instalando la mampara, cay\u00f3 accidentalmente en la ba\u00f1era una de las herramientas o cuando con las prisas, sujetaba el perfume, \u00e9ste se me resbal\u00f3 de las manos y fue directo al canto del lavabo. Tener un ba\u00f1o con marcas o desperfectos es muy irritante. No obstante, \u00e9stos pueden repararse de manera muy f\u00e1cil y r\u00e1pida. Imprescindible para una reparaci\u00f3n eficaz, es la calidad del material utilizado. Una reparaci\u00f3n duradera, requiere del uso de materiales de alta calidad. Soluciones alternativas \u201clow cost\u201d implican que la reparaci\u00f3n no estar\u00e1 protegida de manera \u00f3ptima del agua y con el tiempo \u00e9sta ser\u00e1 visible de nuevo. Con nuestros productos, reparar profesionalmente estos desperfectos, ser\u00e1 muy f\u00e1cil.[\/vc_column_text][\/vc_column]\t\t\t<\/div>\n\t\t\t\t\t<\/section>\n\n\t\n","protected":false},"excerpt":{"rendered":"[vc_column width=\"1\/2\" vc_columns_push=\"ls-col-md-push-6\"][vc_single_image image=\"433\" img_size=\"large\"][\/vc_column][vc_column width=\"1\/2\" vc_columns_pull=\"ls-col-md-pull-6\"][vc_column_text] DESPERFECTOS EN EL BA\u00d1O - \u00bfY AHORA QU\u00c9? En un momento, se puede armar: Cuando estaban instalando la mampara, cay\u00f3 accidentalmente en la <a class=\"moretag\" href=\"https:\/\/www.cramer.gmbh\/es\/reparacion\">read more...<\/a>","protected":false},"author":1,"featured_media":2134,"parent":0,"menu_order":6,"comment_status":"closed","ping_status":"closed","template":"tmpl\/template-repair.php","meta":{"_acf_changed":false,"footnotes":""},"class_list":["post-1373","page","type-page","status-publish","has-post-thumbnail","hentry"],"acf":[],"_links":{"self":[{"href":"https:\/\/www.cramer.gmbh\/es\/wp-json\/wp\/v2\/pages\/1373","targetHints":{"allow":["GET"]}}],"collection":[{"href":"https:\/\/www.cramer.gmbh\/es\/wp-json\/wp\/v2\/pages"}],"about":[{"href":"https:\/\/www.cramer.gmbh\/es\/wp-json\/wp\/v2\/types\/page"}],"author":[{"embeddable":true,"href":"https:\/\/www.cramer.gmbh\/es\/wp-json\/wp\/v2\/users\/1"}],"replies":[{"embeddable":true,"href":"https:\/\/www.cramer.gmbh\/es\/wp-json\/wp\/v2\/comments?post=1373"}],"version-history":[{"count":3,"href":"https:\/\/www.cramer.gmbh\/es\/wp-json\/wp\/v2\/pages\/1373\/revisions"}],"predecessor-version":[{"id":2135,"href":"https:\/\/www.cramer.gmbh\/es\/wp-json\/wp\/v2\/pages\/1373\/revisions\/2135"}],"wp:featuredmedia":[{"embeddable":true,"href":"https:\/\/www.cramer.gmbh\/es\/wp-json\/wp\/v2\/media\/2134"}],"wp:attachment":[{"href":"https:\/\/www.cramer.gmbh\/es\/wp-json\/wp\/v2\/media?parent=1373"}],"curies":[{"name":"wp","href":"https:\/\/api.w.org\/{rel}","templated":true}]}}