{"id":1377,"date":"2017-02-15T14:10:22","date_gmt":"2017-02-15T13:10:22","guid":{"rendered":"http:\/\/cramer.lake-studio.de\/verfugen"},"modified":"2019-01-24T11:53:19","modified_gmt":"2019-01-24T10:53:19","slug":"herramientas-para-juntas","status":"publish","type":"page","link":"https:\/\/www.cramer.gmbh\/es\/herramientas-para-juntas","title":{"rendered":"Herramientas para juntas"},"content":{"rendered":"\n\t\t<section  class=\"content-section    mb-30-xs mb-40-md \" >\n\t\t\t<div class=\"row   \">\n\t\t\t\t[vc_column width=\u00bb1\/2&#8243; vc_columns_push=\u00bbls-col-md-push-6&#8243;][vc_single_image image=\u00bb429&#8243; img_size=\u00bblarge\u00bb][\/vc_column][vc_column width=\u00bb1\/2&#8243; vc_columns_pull=\u00bbls-col-md-pull-6&#8243;][vc_column_text]\n<h2 class=\"h2-thin-grey\">PEQUE\u00d1OS CAMBIOS \u2013 GRANDES RESULTADOS<\/h2>\n<p>En la actualidad el trabajo de dise\u00f1adores y responsables de planificaci\u00f3n de sanitarios, no es crear simples ba\u00f1os, sino elegantes oasis de bienestar en casa. Sin embargo, el placer en un oasis as\u00ed, puede verse r\u00e1pidamente anulado por unas juntas poco est\u00e9ticas o con moho. Es por eso que, unas herramientas para juntas de silicona que \u00abgaranticen el \u00e9xito\u00bb, son muy importantes. Con los Sets FUGI de Cramer, cualquiera, ya sea profesional o no, puede perfilarjuntas de manera simple y profesional. El resultado son juntas bien acabadas, de larga duraci\u00f3n y que dejan una impresi\u00f3n perfecta, hasta el \u00faltimo detalle.[\/vc_column_text][\/vc_column]\t\t\t<\/div>\n\t\t\t\t\t<\/section>\n\n\t\n","protected":false},"excerpt":{"rendered":"[vc_column width=\"1\/2\" vc_columns_push=\"ls-col-md-push-6\"][vc_single_image image=\"429\" img_size=\"large\"][\/vc_column][vc_column width=\"1\/2\" vc_columns_pull=\"ls-col-md-pull-6\"][vc_column_text] PEQUE\u00d1OS CAMBIOS \u2013 GRANDES RESULTADOS En la actualidad el trabajo de dise\u00f1adores y responsables de planificaci\u00f3n de sanitarios, no es crear simples ba\u00f1os, <a class=\"moretag\" href=\"https:\/\/www.cramer.gmbh\/es\/herramientas-para-juntas\">read more...<\/a>","protected":false},"author":1,"featured_media":2268,"parent":0,"menu_order":7,"comment_status":"closed","ping_status":"closed","template":"tmpl\/template-siliconejoints.php","meta":{"_acf_changed":false,"footnotes":""},"class_list":["post-1377","page","type-page","status-publish","has-post-thumbnail","hentry"],"acf":[],"_links":{"self":[{"href":"https:\/\/www.cramer.gmbh\/es\/wp-json\/wp\/v2\/pages\/1377","targetHints":{"allow":["GET"]}}],"collection":[{"href":"https:\/\/www.cramer.gmbh\/es\/wp-json\/wp\/v2\/pages"}],"about":[{"href":"https:\/\/www.cramer.gmbh\/es\/wp-json\/wp\/v2\/types\/page"}],"author":[{"embeddable":true,"href":"https:\/\/www.cramer.gmbh\/es\/wp-json\/wp\/v2\/users\/1"}],"replies":[{"embeddable":true,"href":"https:\/\/www.cramer.gmbh\/es\/wp-json\/wp\/v2\/comments?post=1377"}],"version-history":[{"count":2,"href":"https:\/\/www.cramer.gmbh\/es\/wp-json\/wp\/v2\/pages\/1377\/revisions"}],"predecessor-version":[{"id":2274,"href":"https:\/\/www.cramer.gmbh\/es\/wp-json\/wp\/v2\/pages\/1377\/revisions\/2274"}],"wp:featuredmedia":[{"embeddable":true,"href":"https:\/\/www.cramer.gmbh\/es\/wp-json\/wp\/v2\/media\/2268"}],"wp:attachment":[{"href":"https:\/\/www.cramer.gmbh\/es\/wp-json\/wp\/v2\/media?parent=1377"}],"curies":[{"name":"wp","href":"https:\/\/api.w.org\/{rel}","templated":true}]}}