{"id":1389,"date":"2015-09-20T13:42:59","date_gmt":"2015-09-20T11:42:59","guid":{"rendered":"http:\/\/cramer.lake-studio.de\/firmenprofil"},"modified":"2018-11-05T11:41:24","modified_gmt":"2018-11-05T10:41:24","slug":"la-empresa","status":"publish","type":"page","link":"https:\/\/www.cramer.gmbh\/es\/la-empresa","title":{"rendered":"Cramer GmbH"},"content":{"rendered":"\n\t\t<section  class=\"content-section    no-margin \" >\n\t\t\t<div class=\"row   \">\n\t\t\t\t[vc_column width=\u00bb1\/2&#8243;][vc_column_text el_class=\u00bbls-text-right-md\u00bb]\n<h1 class=\"h2-nospace h1-nospace\">LA EMPRESA<\/h1>\n<h1 class=\"h2-thin-grey h1-thin-grey\">CRAMER GMBH<\/h1>\n<p><strong>Orientados a la atenci\u00f3n y servicio del cliente<\/strong><br \/>\n<strong>Con una larga trayectoria profesional<\/strong><br \/>\n<strong>Innovadora y actual<\/strong><br \/>\n<strong>Comprometidos con la sociedad y el medioambiente<\/strong><br \/>\n<strong>Made in Germany desde 1972<\/strong>[\/vc_column_text][\/vc_column][vc_column width=\u00bb1\/2&#8243;][vc_column_text]Cramer GmbH es una empresa familiar de tama\u00f1o medio, dedicada desde hace m\u00e1s de 40 a\u00f1os, a la fabricaci\u00f3n de productos de reparaci\u00f3n y cuidado para cocina y ba\u00f1o. Lo que comenz\u00f3 con un set de reparaci\u00f3n para superficies de cer\u00e1mica y esmalte, ha evolucionado en toda una gama de productos altamente especializados de cuidado y reparaci\u00f3n. En la actualidad, somos una empresa internacional que suministra productos a clientes en m\u00e1s de 30 pa\u00edses.<\/p>\n<p>Estamos especializados en materia de limpieza, cuidado y reparaci\u00f3n de superficies sanitarias. Los productos en cuesti\u00f3n, son sorprendentemente sencillos y seguros de utilizar, especialmente para el usuario final y as\u00ed, proporcionar en todo momento unos resultados perfectos.<\/p>\n<p>Somos desde hace d\u00e9cadas un socio competente y de confianza para nuestros clientes. La base de ello la constituye nuestro personal altamente cualificado y las excelentes condiciones en el marco de la producci\u00f3n en nuestra sede de Alemania. Como empresa a la vanguardia de la innovaci\u00f3n, nuestra prioridad es mejorar continuamente nuestros productos, procesos y organizaci\u00f3n, para lograr nuestros objetivos. Un crecimiento constante de la empresa se logra \u00fanicamente, en un entorno sostenible y respetuoso con el medioambiente. En este sentido, estamos comprometidos con nuestras responsabilidades y por el inter\u00e9s de todos.[\/vc_column_text][\/vc_column]\t\t\t<\/div>\n\t\t\t\t\t<\/section>\n\n\t\n\t\t<section  class=\"content-section    mt-30-xs mb-30-xs \" >\n\t\t\t<div class=\"row   \">\n\t\t\t\t[vc_column][vc_column_text]<a href=\"https:\/\/www.cramer.gmbh\/wp-content\/uploads\/2018\/11\/cramer-gmbh-enamel-ceramic-cleaner-1.jpg\"><img loading=\"lazy\" decoding=\"async\" class=\"alignnone wp-image-2101 size-size-keyvisual\" src=\"https:\/\/www.cramer.gmbh\/wp-content\/uploads\/2018\/11\/cramer-gmbh-enamel-ceramic-cleaner-1-1200x260.jpg\" alt=\"\" width=\"1200\" height=\"260\" \/><\/a>[\/vc_column_text][\/vc_column]\t\t\t<\/div>\n\t\t\t\t\t<\/section>\n\n\t\n\t\t<section  class=\"content-section    mt-30-xs mb-30-xs \" >\n\t\t\t<div class=\"row   \">\n\t\t\t\t[vc_column width=\u00bb1\/2&#8243;][vc_column_text el_class=\u00bbls-text-right-md\u00bb]\n<h2 class=\"h2-nospace\">NUESTRA PASI\u00d3N<\/h2>\n<h2 class=\"h2-thin-grey\">CALIDAD \u2013 MADE IN GERMANY<\/h2>\n[\/vc_column_text][\/vc_column][vc_column width=\u00bb1\/2&#8243;][vc_column_text]Nuestros productos son muy sencillos de utilizar y las instrucciones de uso son claras y est\u00e1n en varios idiomas. Asimismo, es de gran importancia para nosotros que, el envase sea pr\u00e1ctico y atractivo, de dosificaci\u00f3n f\u00e1cil y cuya cantidad sea la adecuada a las necesidades del cliente. Nuestros aerosoles de 400 ml tienen un cierre de seguridad especial, para evitar su uso accidental en las superficies de venta. Los productos de limpieza no contienen sustancias irritantes o corrosivas. Y por supuesto, todos nuestros envases cumplen los requisitos legales de etiquetado exigidos.<\/p>\n<p>En la fabricaci\u00f3n del L\u00e1piz de reparaci\u00f3n, resulta importante obtener una alta precisi\u00f3n del color. La masilla de Cramer, se distingue por su f\u00e1cil aplicaci\u00f3n y su gran durabilidad. Nuestros productos de limpieza especiales son de alta concentraci\u00f3n, eficaces y protegen a la vez la superficie. Todos estos factores son cruciales para proporcionar al cliente, el producto perfecto.<\/p>\n<p>Nuestra gama de productos evoluciona de manera constante. De igual forma, avanzamos tambi\u00e9n hacia a una gesti\u00f3n medioambiental cada vez m\u00e1s sostenible, mediante el uso de materias primas respetuosas con el medio ambiente. La adaptaci\u00f3n de la composici\u00f3n y los envases, as\u00ed como el desarrollo continuo de nuevos productos, acent\u00faa nuestro af\u00e1n de seguir evolucionando. Si bien, la cooperaci\u00f3n constructiva con clientes y proveedores, nos permite seguir por este camino. Las continuas inversiones en nuestras instalaciones de producci\u00f3n garantizan una alta calidad de fabricaci\u00f3n.[\/vc_column_text][\/vc_column]\t\t\t<\/div>\n\t\t\t\t\t<\/section>\n\n\t\n\t\t<section  class=\"content-section    mt-30-xs mb-30-xs \" >\n\t\t\t<div class=\"row   \">\n\t\t\t\t[vc_column][vc_column_text]<img loading=\"lazy\" decoding=\"async\" class=\"so-widget-image\" src=\"https:\/\/www.cramer.gmbh\/wp-content\/uploads\/2015\/09\/seperator-cramer-verkaufsfoerderung-1200x270.jpg\" alt=\"\" width=\"1200\" height=\"270\" \/>[\/vc_column_text][\/vc_column]\t\t\t<\/div>\n\t\t\t\t\t<\/section>\n\n\t\n\t\t<section  class=\"content-section    no-margin \" >\n\t\t\t<div class=\"row   \">\n\t\t\t\t[vc_column width=\u00bb1\/2&#8243;][vc_column_text el_class=\u00bbls-text-right-md\u00bb]\n<h2 class=\"h2-nospace\">PAQUETE CRAMER+<\/h2>\n<h2 class=\"h2-thin-grey\">PARA UN GRAN \u00c9XITO<\/h2>\n[\/vc_column_text][\/vc_column][vc_column width=\u00bb1\/2&#8243;][vc_column_text]Junto con nuestra gama de productos, le ofrecemos un amplio paquete de marketing integral y ponemos a su disposici\u00f3n gran variedad de recursos, adem\u00e1s de promociones:<\/p>\n<p><strong>MEDIOS IMPRESOS<\/strong><\/p>\n<p>El p\u00f3ster \u00abSuperficies sanitarias\u00bb proporciona las recomendaciones de limpieza y cuidado adecuados para su cliente. Con nuestras fichas t\u00e9cnicas de producto, su especialista recibir\u00e1 la informaci\u00f3n importante, de manera compacta y clara. El prospecto \u201cLa elecci\u00f3n correcta para expertos\u201d de Cramer, facilita la selecci\u00f3n de productos, teniendo en cuenta las distintas superficies. Los prospectos de \u201cInformaci\u00f3n &amp; recomendaciones\u201d y \u201cReparaci\u00f3n &amp; cuidado\u201d destinados al usuario final, ofrecen una breve descripci\u00f3n del producto e incluyen una tabla con los correspondientes colores sanitarios disponibles. El prospecto \u00abUn viaje a trav\u00e9s del cuidado de su ba\u00f1o\u00bb, colocado en las superficies de exposici\u00f3n, informa a los clientes sobre la disponibilidad de limpiadores especiales en su punto de venta.<\/p>\n<p><strong>MEDIOS DIGITALES<\/strong><\/p>\n<p>Nuestra p\u00e1gina web est\u00e1 provista de breves art\u00edculos y v\u00eddeos, de manera que proporcione respuesta a las posibles preguntas sobre nuestra gama de productos. Nuestro sitio web m\u00f3vil, accesible a trav\u00e9s del c\u00f3digo QR ofrecido en los puntos de venta, contiene igualmente, varios v\u00eddeos y aclaraciones de sobre nuestros productos.<\/p>\n<p>La estrategia de promoci\u00f3n de ventas, en colaboraci\u00f3n con nuestros clientes, incluye medidas adicionales tales como la participaci\u00f3n en ferias comerciales, comunicados de prensa, boletines y anuncios, etc.[\/vc_column_text][\/vc_column]\t\t\t<\/div>\n\t\t\t\t\t<\/section>\n\n\t\n","protected":false},"excerpt":{"rendered":"[vc_column width=\"1\/2\"][vc_column_text el_class=\"ls-text-right-md\"] LA EMPRESA CRAMER GMBH Orientados a la atenci\u00f3n y servicio del cliente Con una larga trayectoria profesional Innovadora y actual Comprometidos con la sociedad y el medioambiente <a class=\"moretag\" href=\"https:\/\/www.cramer.gmbh\/es\/la-empresa\">read more...<\/a>","protected":false},"author":1,"featured_media":0,"parent":0,"menu_order":20,"comment_status":"closed","ping_status":"closed","template":"","meta":{"_acf_changed":false,"footnotes":""},"class_list":["post-1389","page","type-page","status-publish","hentry"],"acf":[],"_links":{"self":[{"href":"https:\/\/www.cramer.gmbh\/es\/wp-json\/wp\/v2\/pages\/1389","targetHints":{"allow":["GET"]}}],"collection":[{"href":"https:\/\/www.cramer.gmbh\/es\/wp-json\/wp\/v2\/pages"}],"about":[{"href":"https:\/\/www.cramer.gmbh\/es\/wp-json\/wp\/v2\/types\/page"}],"author":[{"embeddable":true,"href":"https:\/\/www.cramer.gmbh\/es\/wp-json\/wp\/v2\/users\/1"}],"replies":[{"embeddable":true,"href":"https:\/\/www.cramer.gmbh\/es\/wp-json\/wp\/v2\/comments?post=1389"}],"version-history":[{"count":7,"href":"https:\/\/www.cramer.gmbh\/es\/wp-json\/wp\/v2\/pages\/1389\/revisions"}],"predecessor-version":[{"id":2128,"href":"https:\/\/www.cramer.gmbh\/es\/wp-json\/wp\/v2\/pages\/1389\/revisions\/2128"}],"wp:attachment":[{"href":"https:\/\/www.cramer.gmbh\/es\/wp-json\/wp\/v2\/media?parent=1389"}],"curies":[{"name":"wp","href":"https:\/\/api.w.org\/{rel}","templated":true}]}}