{"id":1461,"date":"2018-04-03T14:16:36","date_gmt":"2018-04-03T12:16:36","guid":{"rendered":"http:\/\/cramer.lake-studio.de\/datenschutzerklaerung"},"modified":"2018-06-20T10:00:24","modified_gmt":"2018-06-20T08:00:24","slug":"politica-de-privacidad","status":"publish","type":"page","link":"https:\/\/www.cramer.gmbh\/es\/politica-de-privacidad","title":{"rendered":"Pol\u00edtica de Privacidad"},"content":{"rendered":"\n\t\t<section  class=\"content-section    mt-30-xs mb-30-xs \" >\n\t\t\t<div class=\"row   \">\n\t\t\t\t[vc_column][vc_column_text]\n<h1 class=\"h1-nospace\">Pol\u00edtica de Privacidad<\/h1>\n<div class=\"ls-shortcode-wrapper shortcode-spacer clearfix\"><div class=\"spacer\"  style=\"height: 30px\"><\/div><\/div>\n<h3><span style=\"color: #0068b4\"><strong>Visi\u00f3n general de la protecci\u00f3n de datos<\/strong><\/span><\/h3>\n<p>La siguiente informaci\u00f3n proporciona un resumen general de lo que sucede con sus datos personales cuando visita nuestro sitio web. Los datos personales, son todos los datos con los que usted puede ser identificado personalmente. Encontrar\u00e1 informaci\u00f3n detallada sobre el tema de la protecci\u00f3n de datos y la Pol\u00edtica de Privacidad en el siguiente apartado.<\/p>\n<h3><span style=\"color: #000000\">Recopilaci\u00f3n de datos en nuestra p\u00e1gina web<\/span><\/h3>\n<ul>\n<li>\u00bfQui\u00e9n es responsable de la recopilaci\u00f3n de datos en este sitio web?\u00a0El tratamiento de los datos de esta p\u00e1gina web est\u00e1 gestionado por los propietarios de la misma. Los datos de contacto los encontrar\u00e1 en el apartado de Aviso Legal de esta p\u00e1gina web<\/li>\n<li>\u00bfC\u00f3mo recopilamos informaci\u00f3n?\u00a0Sus datos se recopilar\u00e1n, si usted nos los proporciona. Puede tratarse, por ejemplo, de datos que se introducen en el formulario de contacto.\u00a0Otros datos ser\u00e1n recogidos autom\u00e1ticamente por nuestro sistema inform\u00e1tico cuando usted visita nuestro sitio web. Se trata principalmente de datos t\u00e9cnicos (p. ej., navegador de Internet, sistema operativo o tiempo de visita de la p\u00e1gina). Estos datos son recogidos autom\u00e1ticamente una vez que usted accede a nuestro sitio web<\/li>\n<li>\u00bfPara qu\u00e9 se utilizan sus datos?\u00a0Parte de los datos se recogen con el fin de garantizar el buen funcionamiento de nuestro sitio web. Otros datos, se pueden utilizar para el an\u00e1lisis y entendimiento del comportamiento del usuario.<\/li>\n<li>\u00bfQu\u00e9 derechos tiene con respecto a sus datos?\u00a0Usted tiene derecho a acceder y a recibir informaci\u00f3n sobre el origen, el destinatario y la finalidad del almacenamiento de sus datos personales, recabados por nuestra empresa. Tambi\u00e9n tiene el derecho de solicitar la correcci\u00f3n, bloqueo o eliminaci\u00f3n de estos datos. Para ello, si tiene m\u00e1s preguntas sobre el tema de pol\u00edtica de protecci\u00f3n de datos, puede ponerse en contacto con nosotros en cualquier momento. Los datos de contacto los encontrar\u00e1 en el Aviso Legal. Asimismo tiene derecho a apelar ante la autoridad supervisora competente.<\/li>\n<\/ul>\n<h3><span style=\"color: #000000\">Herramientas de an\u00e1lisis estad\u00edstico y de terceros<\/span><\/h3>\n<p>Cuando usted visita nuestra p\u00e1gina web, su comportamiento como usuario\u00a0puede ser evaluado estad\u00edsticamente. Esto se hace principalmente a trav\u00e9s de las cookies y los llamados programas de an\u00e1lisis. El an\u00e1lisis del comportamiento de los usuarios es generalmente an\u00f3nimo; el comportamiento de los usuarios no puede ser rastreado. Usted puede oponerse a este an\u00e1lisis o evitarlo si no utiliza ciertas herramientas. Encontrar\u00e1 informaci\u00f3n detallada al respecto en el siguiente apartado de nuestra Pol\u00edtica de Privacidad.\u00a0Este an\u00e1lisis puede ser objetado. En esta Pol\u00edtica de Privacidad le informaremos sobre las posibilidades de oposici\u00f3n.<br \/>\n<div class=\"ls-shortcode-wrapper shortcode-spacer clearfix\"><div class=\"spacer\"  style=\"height: 30px\"><\/div><\/div>\n<h3><strong><span style=\"color: #0068b4\">Condiciones generales e informaci\u00f3n relevante<\/span><\/strong><\/h3>\n<h3><span style=\"color: #000000\">Datos de car\u00e1cter personal: Pol\u00edtica de Privacidad<\/span><\/h3>\n<p>Cramer GmbH se toma muy en serio la protecci\u00f3n de sus datos personales. Tratamos sus datos personales de forma confidencial y de acuerdo con las disposiciones legales de protecci\u00f3n de datos y esta Pol\u00edtica de Privacidad.\u00a0Al utilizar este sitio web, se recopilan diversos datos personales. Los datos personales son datos con los que usted puede ser identificado personalmente. Esta Pol\u00edtica de Privacidad explica qu\u00e9 datos recogemos y para qu\u00e9 los utilizamos. Tambi\u00e9n explica c\u00f3mo y con qu\u00e9 prop\u00f3sito se hace esto.\u00a0As\u00edmismo advertimos que la transmisi\u00f3n de datos a trav\u00e9s de Internet (mediante un correo electr\u00f3nico, por ejemplo) puede estar expuesta a fallos de seguridad. Una protecci\u00f3n total de los datos frente a terceros, no puede garantizarse.<\/p>\n<h3><span style=\"color: #000000\">Organismo responsable<\/span><\/h3>\n<p>El responsable del tratamiento de los datos de esta p\u00e1gina web es:<\/p>\n<p>Cramer GmbH<br \/>\nSalzstra\u00dfe 8 a<br \/>\n85622 Feldkirchen<br \/>\nAlemania<\/p>\n<p>Tel\u00e9fono: +49 (0)89 99909 770<br \/>\nCorreo electr\u00f3nico: info&#64;&#99;&#114;&#97;&#109;&#x65;&#x72;&#x2d;&#x67;&#x6d;&#x62;&#x68;&#46;de<\/p>\n<p>El organismo responsable es la persona f\u00edsica o jur\u00eddica que, por s\u00ed sola o junto con otras, decide sobre los fines y la gesti\u00f3n de los datos personales (por ejemplo, nombres, direcciones de correo electr\u00f3nico, etc.).<\/p>\n<h3><span style=\"color: #000000\">Revocaci\u00f3n del consentimiento para el procesamiento de datos<\/span><\/h3>\n<p>Muchas operaciones de procesamiento y tratamiento de datos, son \u00fanicamente posibles con su consentimiento expreso. Usted puede revocar su consentimiento en cualquier momento. Todo lo que tiene que hacer es enviarnos un correo electr\u00f3nico. La legalidad del tratamiento de los datos hasta la revocaci\u00f3n, no se ve alterada por la revocaci\u00f3n misma.<\/p>\n<h3><span style=\"color: #000000\">Cifrado SSL y\u00a0TLS<\/span><\/h3>\n<p>Este sitio utiliza encriptaci\u00f3n SSL o TLS por razones de seguridad y para proteger la transmisi\u00f3n de contenido confidencial, como pedidos o solicitudes que usted nos env\u00eda como operador del sitio. Puede reconocer una conexi\u00f3n encriptada por el hecho de que la direcci\u00f3n de su navegador cambia de \u00abhttp:\/\/\u00bb a \u00abhttps:\/\/\u00bb y por el s\u00edmbolo del candado en la barra de direcciones de su navegador.\u00a0Si se activa el cifrado SSL o TLS, los datos que nos transmita no podr\u00e1n ser le\u00eddos por terceros.<br \/>\n<div class=\"ls-shortcode-wrapper shortcode-spacer clearfix\"><div class=\"spacer\"  style=\"height: 30px\"><\/div><\/div>\n<h3><span style=\"color: #0068b4\"><strong>Recopilaci\u00f3n de datos en nuestro sitio web<\/strong><\/span><\/h3>\n<h3><span style=\"color: #000000\">Pol\u00edtica de cookies<\/span><\/h3>\n<p>Algunas de las p\u00e1ginas de Internet utilizan las llamadas cookies. Las cookies no causan ning\u00fan da\u00f1o a su ordenador y no contienen ning\u00fan virus. Las cookies sirven para que nuestro sitio web sea m\u00e1s f\u00e1cil de usar, efectivo y seguro. Las cookies son peque\u00f1os archivos de texto que se almacenan en su ordenador y que su navegador guarda.\u00a0La mayor\u00eda de las cookies que utilizamos son las llamadas \u00abcookies de sesi\u00f3n\u00bb. Las cuales se borran autom\u00e1ticamente al final de su visita. Otras cookies permanecen almacenadas en su equipo hasta que usted las borre. Estas cookies nos permiten reconocer su navegador la pr\u00f3xima vez que visite nuestro sitio web.<br \/>\nPuede configurar su navegador para que le informe sobre la configuraci\u00f3n de las cookies y s\u00f3lo permita cookies en casos concretos, que excluya la aceptaci\u00f3n de cookies en determinados casos o en general y que active la eliminaci\u00f3n autom\u00e1tica de cookies al cerrar el navegador.\u00a0La desactivaci\u00f3n de\u00a0las cookies, puede conllevar la limitaci\u00f3n de la funcionalidad de este p\u00e1gina.\u00a0Las cookies, que son necesarias para llevar a cabo\u00a0una comunicaci\u00f3n electr\u00f3nica o para proporcionar determinadas funciones (como por ejemplo, la funci\u00f3n de cesta de la compra), se almacenar\u00e1n\u00a0con arreglo a\u00a0lo dispuesto en el Art. 6, p\u00e1rrafo 1 lit. f DSGVO. El almacenamiento de cookies es esencial para la prestaci\u00f3n de nuestros servicios de manera \u00f3ptima y\u00a0garantizar el correcto funcionamiento. El\u00a0almacenamiento de otras cookies (por ejemplo, cookies para el an\u00e1lisis de su comportamiento de navegaci\u00f3n), se tratar\u00e1 por separado en esta Pol\u00edtica de Privacidad.<\/p>\n<h3><span style=\"color: #000000\">Archivos de registro del\u00a0servidor<\/span><\/h3>\n<p>El proveedor de las p\u00e1ginas recopila y almacena autom\u00e1ticamente informaci\u00f3n en los llamados archivos de registro del servidor, que su navegador nos transmite autom\u00e1ticamente. Estos son:<\/p>\n<ul>\n<li>Tipo y versi\u00f3n del navegador<\/li>\n<li>Sistema operativo utilizado<\/li>\n<li>URL de referencia<\/li>\n<li>Nombre de host del ordenador de acceso<\/li>\n<li>Hora de la solicitud del servidor<\/li>\n<li>Direcci\u00f3n de IP<\/li>\n<\/ul>\n<p>No se realizar\u00e1n recopilaciones de estos datos con otras fuentes.\u00a0El tratamiento de datos se realiza conforme a lo dispuesto en el art\u00edculo 6, apartado 1, letra f), de la DSGVO, el cual permite el tratamiento de datos para el cumplimiento de un contrato o para la implementaci\u00f3n de medidas precontractuales.<\/p>\n<h3><span style=\"color: #000000\">Formulario de contacto<\/span><\/h3>\n<p>Si nos contacta a trav\u00e9s del formulario de contacto, los datos del formulario mismo, incluidos los datos de contacto que nos ha facilitado, ser\u00e1n almacenados con el fin de procesar la consulta y en caso de seguimiento. Asimismo, estos datos personales no ser\u00e1n cedidos sin su consentimiento expreso.\u00a0Por lo tanto, el tratamiento de los datos introducidos en el formulario de contacto, solo se efectuar\u00e1 bajo su consentimiento (art\u00edculo 6, apartado 1, letra a), de la DSGVO). Usted puede revocar este consentimiento en cualquier momento. Para ello, es suficiente con hacernos llegar su petici\u00f3n a trav\u00e9s de correo electr\u00f3nico. La legitimidad de las operaciones de tratamiento de datos realizados hasta la revocaci\u00f3n, no se ver\u00e1 afectada por la misma.\u00a0Los datos introducidos por usted en el formulario de contacto permanecer\u00e1n con nosotros hasta que usted solicite expresamente que los borremos, si se revoca el consentimiento para su almacenamiento o cuando la finalidad del almacenamiento de datos (por ejemplo, despu\u00e9s de que se haya procesado su solicitud) deje de ser v\u00e1lida. Las disposiciones legales obligatorias \u2013 en particular los plazos de conservaci\u00f3n \u2013 \u00a0no se ver\u00e1n afectadas.<br \/>\n<div class=\"ls-shortcode-wrapper shortcode-spacer clearfix\"><div class=\"spacer\"  style=\"height: 30px\"><\/div><\/div>\n<h3><span style=\"color: #0068b4\"><strong>Plugins y herramientas<\/strong><\/span><\/h3>\n<h3><span style=\"color: #000000\">YouTube<\/span><\/h3>\n<p>Nuestra p\u00e1gina web utiliza los plugins de\u00a0la\u00a0p\u00e1gina de\u00a0YouTube, administrados por Google. Esta p\u00e1gina web est\u00e1 gestionada por YouTube, LLC, 901 Cherry Ave, San Bruno, CA 94066, USA.\u00a0Si visita una de nuestras p\u00e1ginas provistas con un plugin de YouTube, se establecer\u00e1 una conexi\u00f3n con los servidores de YouTube. Con esto, se le notificar\u00e1 al servidor de YouTube, sobre las p\u00e1ginas que haya visitado.\u00a0Si inicia sesi\u00f3n en su cuenta de YouTube, permitir\u00e1 que YouTube asocie su comportamiento de navegaci\u00f3n directamente con su perfil personal. Esto se puede evitar, mediante el cierre de sesi\u00f3n de su cuenta de YouTube.\u00a0La utilizaci\u00f3n de Youtube, se realiza con el fin de presentar una oferta online atractiva. Esto constituye un inter\u00e9s leg\u00edtimo a efectos de lo dispuesto en el art\u00edculo 6, apartado 1, letra f), de la DSGVO.\u00a0Para m\u00e1s informaci\u00f3n sobre c\u00f3mo se gestionan los datos de los usuarios, consulte la pol\u00edtica de privacidad de YouTube en: <a href=\"https:\/\/www.google.de\/intl\/de\/policies\/privacy\" target=\"_blank\" rel=\"noopener\">https:\/\/www.google.de\/intl\/de\/policies\/privacy<\/a>.<\/p>\n<h3><span style=\"color: #000000\">Google Web Fonts<\/span><\/h3>\n<p>Esta p\u00e1gina utiliza las denominadas fuentes web proporcionadas por Google para mostrar las fuentes tipogr\u00e1ficas de manera uniforme. Al abrir una p\u00e1gina, su navegador carga las fuentes web necesarias en el cach\u00e9 del navegador para mostrar los textos y fuentes correctamente.\u00a0Para ello, el navegador utilizado debe conectarse a los servidores de Google. De este modo, Google tendr\u00e1 conocimiento de que se ha accedido a nuestro sitio web a trav\u00e9s de su direcci\u00f3n IP. La utilizaci\u00f3n de Google Web Fonts se realiza con de fin de presentar nuestra oferta online atractiva, de manera uniforme. Esto constituye un inter\u00e9s leg\u00edtimo a efectos de lo dispuesto en el art\u00edculo 6, apartado 1, letra f), de la DSGVO.\u00a0Si su navegador no es compatible con las fuentes web, se utilizar\u00e1 una fuente tipogr\u00e1fica estandar de su ordenador.\u00a0Para obtener m\u00e1s informaci\u00f3n sobre las fuentes web de Google, visite <a href=\"https:\/\/developers.google.com\/fonts\/faq\" target=\"_blank\" rel=\"noopener\">https:\/\/developers.google.com\/fonts\/faq<\/a> y la Pol\u00edtica de Privacidad de Google: <a href=\"https:\/\/www.google.com\/policies\/privacy\/\" target=\"_blank\" rel=\"noopener\">https:\/\/www.google.com\/policies\/privacy\/<\/a>.<\/p>\n<h3><span style=\"color: #000000\">Google Maps<\/span><\/h3>\n<p>Esta p\u00e1gina utiliza el servicio de mapas Google Maps a trav\u00e9s de una API. El proveedor es Google Inc, 1600 Amphitheatre Parkway, Mountain View, CA 94043, EE.UU.\u00a0Para utilizar las funciones de Google Maps es necesario guardar su direcci\u00f3n IP. Por lo general, esta informaci\u00f3n se transfiere a un servidor de Google en los EE.UU. y se almacena all\u00ed. El proveedor de este sitio no tiene ninguna influencia respecto a la transmisi\u00f3n de los datos.\u00a0La utilizaci\u00f3n de Google Maps se realiza con el fin presentar una oferta online atractiva y para facilitar la localizaci\u00f3n de los lugares indicados en nuestro sitio web. Esto constituye un inter\u00e9s leg\u00edtimo a efectos de lo dispuesto en el art\u00edculo 6, apartado 1, letra f), de la DSGVO.\u00a0Para m\u00e1s informaci\u00f3n sobre c\u00f3mo se gestionan los datos de los usuarios, consulte la Pol\u00edtica de Privacidad de Google: <a href=\"https:\/\/www.google.de\/intl\/de\/policies\/privacy\/\" target=\"_blank\" rel=\"noopener\">https:\/\/www.google.de\/intl\/de\/policies\/privacy\/<\/a>.[\/vc_column_text][\/vc_column]\t\t\t<\/div>\n\t\t\t\t\t<\/section>\n\n\t\n","protected":false},"excerpt":{"rendered":"[vc_column][vc_column_text] Pol\u00edtica de Privacidad Visi\u00f3n general de la protecci\u00f3n de datos La siguiente informaci\u00f3n proporciona un resumen general de lo que sucede con sus datos personales cuando visita nuestro sitio <a class=\"moretag\" href=\"https:\/\/www.cramer.gmbh\/es\/politica-de-privacidad\">read more...<\/a>","protected":false},"author":1,"featured_media":0,"parent":0,"menu_order":29,"comment_status":"closed","ping_status":"closed","template":"","meta":{"_acf_changed":false,"footnotes":""},"class_list":["post-1461","page","type-page","status-publish","hentry"],"acf":[],"_links":{"self":[{"href":"https:\/\/www.cramer.gmbh\/es\/wp-json\/wp\/v2\/pages\/1461","targetHints":{"allow":["GET"]}}],"collection":[{"href":"https:\/\/www.cramer.gmbh\/es\/wp-json\/wp\/v2\/pages"}],"about":[{"href":"https:\/\/www.cramer.gmbh\/es\/wp-json\/wp\/v2\/types\/page"}],"author":[{"embeddable":true,"href":"https:\/\/www.cramer.gmbh\/es\/wp-json\/wp\/v2\/users\/1"}],"replies":[{"embeddable":true,"href":"https:\/\/www.cramer.gmbh\/es\/wp-json\/wp\/v2\/comments?post=1461"}],"version-history":[{"count":18,"href":"https:\/\/www.cramer.gmbh\/es\/wp-json\/wp\/v2\/pages\/1461\/revisions"}],"predecessor-version":[{"id":1656,"href":"https:\/\/www.cramer.gmbh\/es\/wp-json\/wp\/v2\/pages\/1461\/revisions\/1656"}],"wp:attachment":[{"href":"https:\/\/www.cramer.gmbh\/es\/wp-json\/wp\/v2\/media?parent=1461"}],"curies":[{"name":"wp","href":"https:\/\/api.w.org\/{rel}","templated":true}]}}