{"id":3117,"date":"2017-02-08T07:43:43","date_gmt":"2017-02-08T06:43:43","guid":{"rendered":"http:\/\/cramer.lake-studio.de\/home"},"modified":"2021-12-06T14:01:41","modified_gmt":"2021-12-06T13:01:41","slug":"home","status":"publish","type":"page","link":"https:\/\/www.cramer.gmbh\/fr","title":{"rendered":"Home"},"content":{"rendered":"\n\t\t<section  class=\"content-section    no-margin \" >\n\t\t\t<div class=\"row   \">\n\t\t\t\t[vc_column][vc_single_image image=\u00a0\u00bb2608&Prime; img_size=\u00a0\u00bbfull\u00a0\u00bb][\/vc_column]\t\t\t<\/div>\n\t\t\t\t\t<\/section>\n\n\t\n\t\t<section  class=\"content-section  pt-30-xs pb-30-xs pt-70-md pb-70-md  no-margin \" >\n\t\t\t<div class=\"row   \">\n\t\t\t\t[vc_column width=\u00a0\u00bb1\/2&Prime; el_class=\u00a0\u00bbrechts\u00a0\u00bb][vc_column_text]\n<h2 class=\"h2-nospace\">LA SALLE DE BAIN D&rsquo;AUJOURD&rsquo;HUI<\/h2>\n<h2 class=\"h2-thin-grey\">POURQUOI L&rsquo;ENTRETIEN DE LA SALLE DE BAIN EST SI IMPORTANT<\/h2>\n[\/vc_column_text][\/vc_column][vc_column width=\u00a0\u00bb1\/2&Prime; el_class=\u00a0\u00bblinks\u00a0\u00bb][vc_column_text]Chacun d\u00e9sire se consacrer enti\u00e8rement \u00e0 ses propres besoins dans la salle de bains. Il s&rsquo;agit d&rsquo;un endroit o\u00f9 l&rsquo;on passe du temps \u00e0 l&rsquo;abri de tout d\u00e9rangement plusieurs fois par jour. Il y a quelques ann\u00e9es \u00e0 peine, les salles de bains devaient avant tout \u00eatre fonctionnelles. La fonctionnalit\u00e9 passait avant le design \u2013 l&rsquo;utilit\u00e9 avant l&rsquo;esth\u00e9tique. \u00c0 l&rsquo;heure actuelle, les salles de bain sont \u00e9galement des havres de paix et de d\u00e9tente. Lorsque nous profitons d&rsquo;un bon bain chaud, il ne sert pas seulement \u00e0 se laver mais aussi \u00e0 notre bien-\u00eatre corporel et \u00e0 l&rsquo;\u00e9vacuation du stress de la journ\u00e9e. C&rsquo;est justement pour cette raison qu&rsquo;une salle de bain esth\u00e9tique et surtout bien entretenue est si importante \u00e0 nos yeux.[\/vc_column_text][\/vc_column]\t\t\t<\/div>\n\t\t\t\t\t<\/section>\n\n\t\n\t\t<section  class=\"content-section    no-margin \" >\n\t\t\t<div class=\"row   \">\n\t\t\t\t[vc_column][ls_vc_product vc_values=\u00a0\u00bb%5B%7B%22vc_product_background%22%3A%22reinigung-und-pflege%22%2C%22vc_product_title%22%3A%22NETTOYAGE%20ET%20ENTRETIEN%22%2C%22vc_product_teaser%22%3A%22Notre%20programme%20de%20nettoyage%20pour%20une%20salle%20de%20bain%20attrayante%20et%20bien%20entretenue%22%2C%22vc_product_image%22%3A%221846%22%2C%22vc_product_link%22%3A%22url%3Ahttps%253A%252F%252Fwww.cramer.gmbh%252Ffr%252Fnettoyage-et-entretien%22%7D%2C%7B%22vc_product_background%22%3A%22perfekt-reparieren%22%2C%22vc_product_title%22%3A%22R%C3%89PARER%20%C3%80%20LA%20PERFECTION%22%2C%22vc_product_teaser%22%3A%22R%C3%A9paration%20permanente%2C%20facile%20et%20rapide%20des%20dommages%20caus%C3%A9s%20par%20les%20chocs%20ou%20les%20%C3%A9raflures%22%2C%22vc_product_image%22%3A%22567%22%2C%22vc_product_link%22%3A%22url%3Ahttps%253A%252F%252Fwww.cramer.gmbh%252Ffr%252Freparer%22%7D%2C%7B%22vc_product_background%22%3A%22fugenwerkzeuge%22%2C%22vc_product_title%22%3A%22DES%20JOINTS%20EN%20SILICONE%20MA%C3%8ETRIS%C3%89S%20%22%2C%22vc_product_teaser%22%3A%22Nos%20outils%20de%20jointoiement%20-%20pour%20de%20beaux%20joints%20d&rsquo;%C3%A9tanch%C3%A9it%C3%A9%20sans%20adjuvant%22%2C%22vc_product_image%22%3A%22429%22%2C%22vc_product_link%22%3A%22url%3Ahttps%253A%252F%252Fwww.cramer.gmbh%252Ffr%252Foutils-pour-joints%22%7D%5D\u00a0\u00bb][\/vc_column]\t\t\t<\/div>\n\t\t\t\t\t<\/section>\n\n\t\n\t\t<section  class=\"content-section  pt-30-xs pb-30-xs pt-70-md pb-70-md  no-margin \" >\n\t\t\t<div class=\"row   \">\n\t\t\t\t[vc_column width=\u00a0\u00bb1\/2&Prime; el_class=\u00a0\u00bbrechts\u00a0\u00bb][vc_column_text]\n<h2 class=\"h2-nospace\">DES SOLUTIONS INNOVANTES<\/h2>\n<h2 class=\"h2-thin-grey\">CONVIVIAL ET UNIQUE<\/h2>\n[\/vc_column_text][\/vc_column][vc_column width=\u00a0\u00bb1\/2&Prime;][vc_column_text]Avec notre gamme de produits pour les surfaces sanitaires nous vous offrons des solutions adapt\u00e9es \u00e0 vos besoins dans tous les domaines \u2013 que ce soit au niveau du nettoyage, de l\u2019entretien, des retouches ou de la r\u00e9paration. Pour tous nos produits, nous attachons la plus grande importance \u00e0 un traitement adapt\u00e9 aux mat\u00e9riaux, \u00e0 une utilisation \u00e0 la fois simple et s\u00fbre et \u00e0 un r\u00e9sultat parfait. Les propri\u00e9t\u00e9s particuli\u00e8res et les caract\u00e9ristiques de diff\u00e9rentiation des produits Cramer ont \u00e9t\u00e9 certifi\u00e9es par le T\u00dcV \u00e0 plusieurs reprises et confirment nos exigences \u00e9lev\u00e9es visant \u00e0 prolonger sensiblement la dur\u00e9e de vie des am\u00e9nagements de salle de bains.[\/vc_column_text][\/vc_column]\t\t\t<\/div>\n\t\t\t\t\t<\/section>\n\n\t\n\t\t<section  class=\"content-section    mt-30-xs mb-30-xs \" >\n\t\t\t<div class=\"row   \">\n\t\t\t\t[vc_column][vc_single_image image=\u00a0\u00bb3129&Prime; img_size=\u00a0\u00bbfull\u00a0\u00bb][\/vc_column]\t\t\t<\/div>\n\t\t\t\t\t<\/section>\n\n\t\n\t\t<section  class=\"content-section  pt-30-xs pb-30-xs pt-70-md pb-70-md  no-margin \" >\n\t\t\t<div class=\"row   \">\n\t\t\t\t[vc_column width=\u00a0\u00bb1\/2&Prime; el_class=\u00a0\u00bbrechts\u00a0\u00bb][vc_column_text]\n<h1>CRAMER \u2013 LES EXPERTS EN SURFACES SANITAIRES<\/h1>\n[\/vc_column_text][\/vc_column][vc_column width=\u00a0\u00bb1\/2&Prime; el_class=\u00a0\u00bblinks\u00a0\u00bb][vc_column_text]La salle de bains moderne ne se r\u00e9duit plus \u00e0 de la c\u00e9ramique et de l&rsquo;\u00e9mail. Aujourd&rsquo;hui, on y trouve de nombreux nouveaux mat\u00e9riaux et surfaces tels que l&rsquo;acrylique, la fonte min\u00e9rale ou les rev\u00eatements \u00ab easy to clean \u00bb, ce qui rend le nettoyage et l&rsquo;entretien de plus en plus exigeants. Un nettoyant sanitaire disponible dans le commerce peut endommager les baignoires en \u00e9mail \u2013 un nettoyant pour vitres classique peut attaquer le rev\u00eatement de la paroi de douche. L\u2019utilisateur est souvent d\u00e9pass\u00e9 en ce qui concerne le nettoyage et l&rsquo;entretien et a rarement envie de lire les mentions en petits caract\u00e8res pour chaque nettoyant. En cas d&rsquo;accident d&rsquo;entretien ou si l&rsquo;\u00e9quipement sanitaire est endommag\u00e9 par inadvertance &#8211; nous vous proposons un programme complet qui tient compte de vos souhaits et de vos besoins. Original Cramer &#8211; et votre salle de bain reste belle ![\/vc_column_text][\/vc_column]\t\t\t<\/div>\n\t\t\t\t\t<\/section>\n\n\t\n","protected":false},"excerpt":{"rendered":"[vc_column][vc_single_image image=\"2608\" img_size=\"full\"][\/vc_column] [vc_column width=\"1\/2\" el_class=\"rechts\"][vc_column_text] LA SALLE DE BAIN D'AUJOURD'HUI POURQUOI L'ENTRETIEN DE LA SALLE DE BAIN EST SI IMPORTANT [\/vc_column_text][\/vc_column][vc_column width=\"1\/2\" el_class=\"links\"][vc_column_text]Chacun d\u00e9sire se consacrer enti\u00e8rement \u00e0 ses <a class=\"moretag\" href=\"https:\/\/www.cramer.gmbh\/fr\">read more...<\/a>","protected":false},"author":3,"featured_media":0,"parent":0,"menu_order":1,"comment_status":"open","ping_status":"closed","template":"tmpl\/template-home.php","meta":{"_acf_changed":false,"footnotes":""},"class_list":["post-3117","page","type-page","status-publish","hentry"],"acf":[],"_links":{"self":[{"href":"https:\/\/www.cramer.gmbh\/fr\/wp-json\/wp\/v2\/pages\/3117","targetHints":{"allow":["GET"]}}],"collection":[{"href":"https:\/\/www.cramer.gmbh\/fr\/wp-json\/wp\/v2\/pages"}],"about":[{"href":"https:\/\/www.cramer.gmbh\/fr\/wp-json\/wp\/v2\/types\/page"}],"author":[{"embeddable":true,"href":"https:\/\/www.cramer.gmbh\/fr\/wp-json\/wp\/v2\/users\/3"}],"replies":[{"embeddable":true,"href":"https:\/\/www.cramer.gmbh\/fr\/wp-json\/wp\/v2\/comments?post=3117"}],"version-history":[{"count":17,"href":"https:\/\/www.cramer.gmbh\/fr\/wp-json\/wp\/v2\/pages\/3117\/revisions"}],"predecessor-version":[{"id":3403,"href":"https:\/\/www.cramer.gmbh\/fr\/wp-json\/wp\/v2\/pages\/3117\/revisions\/3403"}],"wp:attachment":[{"href":"https:\/\/www.cramer.gmbh\/fr\/wp-json\/wp\/v2\/media?parent=3117"}],"curies":[{"name":"wp","href":"https:\/\/api.w.org\/{rel}","templated":true}]}}