{"id":3133,"date":"2017-02-15T13:58:12","date_gmt":"2017-02-15T12:58:12","guid":{"rendered":"http:\/\/cramer.lake-studio.de\/reinigen"},"modified":"2020-11-27T10:38:50","modified_gmt":"2020-11-27T09:38:50","slug":"nettoyage-et-entretien","status":"publish","type":"page","link":"https:\/\/www.cramer.gmbh\/fr\/nettoyage-et-entretien","title":{"rendered":"Nettoyage et entretien"},"content":{"rendered":"\n\t\t<section  class=\"content-section    mb-30-xs mb-40-md \" >\n\t\t\t<div class=\"row   \">\n\t\t\t\t[vc_column width=\u00a0\u00bb1\/2&Prime; vc_columns_push=\u00a0\u00bbls-col-md-push-6&Prime;][vc_single_image image=\u00a0\u00bb1846&Prime; img_size=\u00a0\u00bblarge\u00a0\u00bb][\/vc_column][vc_column width=\u00a0\u00bb1\/2&Prime; vc_columns_pull=\u00a0\u00bbls-col-md-pull-6&Prime;][vc_column_text]\n<h2>LA BEAUT\u00c9 N&rsquo;EST PAS P\u00c9RISSABLE<\/h2>\n<p>Le nettoyage et l&rsquo;entretien corrects de la salle de bain peuvent s&rsquo;av\u00e9rer tr\u00e8s exigeants. La baignoire en \u00e9mail, la douche en acrylique et le lavabo en fonte min\u00e9rale \u2013 difficile de garder une vue d&rsquo;ensemble claire avec ce p\u00eale-m\u00eale de mat\u00e9riaux, m\u00eame pour les professionnels. Les nettoyants disponibles dans le commerce ne r\u00e9v\u00e8lent g\u00e9n\u00e9ralement que dans les mentions imprim\u00e9es en petits caract\u00e8res les dangers qui menacent les diff\u00e9rentes surfaces \u2013 car le march\u00e9 ne propose malheureusement pas d&rsquo;\u00ab arme universelle \u00bb douce et efficace \u00e0 la fois. Informez-vous sur la mani\u00e8re de nettoyer les am\u00e9nagements de salle de bain haut de gamme en douceur et de mani\u00e8re efficace. La gamme de nettoyage et d&rsquo;entretien de Cramer, recommand\u00e9e et vendue par le sp\u00e9cialiste des sanitaires \u2013 un programme de beaut\u00e9 que vous appr\u00e9cierez.[\/vc_column_text][\/vc_column]\t\t\t<\/div>\n\t\t\t\t\t<\/section>\n\n\t\n","protected":false},"excerpt":{"rendered":"[vc_column width=\"1\/2\" vc_columns_push=\"ls-col-md-push-6\"][vc_single_image image=\"1846\" img_size=\"large\"][\/vc_column][vc_column width=\"1\/2\" vc_columns_pull=\"ls-col-md-pull-6\"][vc_column_text] LA BEAUT\u00c9 N'EST PAS P\u00c9RISSABLE Le nettoyage et l'entretien corrects de la salle de bain peuvent s'av\u00e9rer tr\u00e8s exigeants. La baignoire en \u00e9mail, <a class=\"moretag\" href=\"https:\/\/www.cramer.gmbh\/fr\/nettoyage-et-entretien\">read more...<\/a>","protected":false},"author":1,"featured_media":0,"parent":0,"menu_order":4,"comment_status":"closed","ping_status":"closed","template":"tmpl\/template-cleaning.php","meta":{"_acf_changed":false,"footnotes":""},"class_list":["post-3133","page","type-page","status-publish","hentry"],"acf":[],"_links":{"self":[{"href":"https:\/\/www.cramer.gmbh\/fr\/wp-json\/wp\/v2\/pages\/3133","targetHints":{"allow":["GET"]}}],"collection":[{"href":"https:\/\/www.cramer.gmbh\/fr\/wp-json\/wp\/v2\/pages"}],"about":[{"href":"https:\/\/www.cramer.gmbh\/fr\/wp-json\/wp\/v2\/types\/page"}],"author":[{"embeddable":true,"href":"https:\/\/www.cramer.gmbh\/fr\/wp-json\/wp\/v2\/users\/1"}],"replies":[{"embeddable":true,"href":"https:\/\/www.cramer.gmbh\/fr\/wp-json\/wp\/v2\/comments?post=3133"}],"version-history":[{"count":5,"href":"https:\/\/www.cramer.gmbh\/fr\/wp-json\/wp\/v2\/pages\/3133\/revisions"}],"predecessor-version":[{"id":3274,"href":"https:\/\/www.cramer.gmbh\/fr\/wp-json\/wp\/v2\/pages\/3133\/revisions\/3274"}],"wp:attachment":[{"href":"https:\/\/www.cramer.gmbh\/fr\/wp-json\/wp\/v2\/media?parent=3133"}],"curies":[{"name":"wp","href":"https:\/\/api.w.org\/{rel}","templated":true}]}}