{"id":3138,"date":"2017-02-15T14:09:06","date_gmt":"2017-02-15T13:09:06","guid":{"rendered":"http:\/\/cramer.lake-studio.de\/reparieren"},"modified":"2020-11-24T12:07:37","modified_gmt":"2020-11-24T11:07:37","slug":"reparer","status":"publish","type":"page","link":"https:\/\/www.cramer.gmbh\/fr\/reparer","title":{"rendered":"R\u00e9parer \u00e0 la perfection"},"content":{"rendered":"\n\t\t<section  class=\"content-section    mb-30-xs mb-40-md \" >\n\t\t\t<div class=\"row   \">\n\t\t\t\t[vc_column width=\u00a0\u00bb1\/2&Prime; vc_columns_push=\u00a0\u00bbls-col-md-push-6&Prime;][vc_single_image image=\u00a0\u00bb433&Prime; img_size=\u00a0\u00bblarge\u00a0\u00bb][\/vc_column][vc_column width=\u00a0\u00bb1\/2&Prime; vc_columns_pull=\u00a0\u00bbls-col-md-pull-6&Prime;][vc_column_text]\n<h2>EQUIPEMENT DE SALLE DE BAIN ENDOMMAG\u00c9 \u2013 QUE FAIRE\u00a0?<\/h2>\n<p>Un accident est vite arriv\u00e9, un court instant d\u2019inattention suffit\u00a0: le flacon de parfum qui vous glisse de la main mouill\u00e9e, la cl\u00e9 de serrage qui tombe dans la baignoire neuve lors du montage. Un d\u00e9g\u00e2t au niveau de l\u2019\u00e9quipement de la salle de bain est toujours f\u00e2cheux. On peut n\u00e9anmoins rapidement r\u00e9parer ces petits \u00e9caillages soi-m\u00eame sans probl\u00e8me. La condition pr\u00e9alable \u00e0 une r\u00e9paration r\u00e9ussie est la qualit\u00e9 du mat\u00e9riau employ\u00e9. Pour une remise en \u00e9tat durable, l\u2019utilisation de composants de r\u00e9paration de qualit\u00e9 est n\u00e9cessaire. Des solutions de moindre qualit\u00e9 emp\u00eachent une protection optimale des endroits d\u00e9fectueux contre l\u2019eau, suite \u00e0 quoi chaque r\u00e9paration reste visible au bout du compte. Avec nos produits, l\u2019\u00e9limination professionnelle de ce type de d\u00e9g\u00e2ts est tr\u00e8s simple.<\/p>\n[\/vc_column_text][\/vc_column]\t\t\t<\/div>\n\t\t\t\t\t<\/section>\n\n\t\n","protected":false},"excerpt":{"rendered":"[vc_column width=\"1\/2\" vc_columns_push=\"ls-col-md-push-6\"][vc_single_image image=\"433\" img_size=\"large\"][\/vc_column][vc_column width=\"1\/2\" vc_columns_pull=\"ls-col-md-pull-6\"][vc_column_text] EQUIPEMENT DE SALLE DE BAIN ENDOMMAG\u00c9 \u2013 QUE FAIRE\u00a0? Un accident est vite arriv\u00e9, un court instant d\u2019inattention suffit\u00a0: le flacon de parfum <a class=\"moretag\" href=\"https:\/\/www.cramer.gmbh\/fr\/reparer\">read more...<\/a>","protected":false},"author":1,"featured_media":0,"parent":0,"menu_order":6,"comment_status":"closed","ping_status":"closed","template":"tmpl\/template-repair.php","meta":{"_acf_changed":false,"footnotes":""},"class_list":["post-3138","page","type-page","status-publish","hentry"],"acf":[],"_links":{"self":[{"href":"https:\/\/www.cramer.gmbh\/fr\/wp-json\/wp\/v2\/pages\/3138","targetHints":{"allow":["GET"]}}],"collection":[{"href":"https:\/\/www.cramer.gmbh\/fr\/wp-json\/wp\/v2\/pages"}],"about":[{"href":"https:\/\/www.cramer.gmbh\/fr\/wp-json\/wp\/v2\/types\/page"}],"author":[{"embeddable":true,"href":"https:\/\/www.cramer.gmbh\/fr\/wp-json\/wp\/v2\/users\/1"}],"replies":[{"embeddable":true,"href":"https:\/\/www.cramer.gmbh\/fr\/wp-json\/wp\/v2\/comments?post=3138"}],"version-history":[{"count":4,"href":"https:\/\/www.cramer.gmbh\/fr\/wp-json\/wp\/v2\/pages\/3138\/revisions"}],"predecessor-version":[{"id":3143,"href":"https:\/\/www.cramer.gmbh\/fr\/wp-json\/wp\/v2\/pages\/3138\/revisions\/3143"}],"wp:attachment":[{"href":"https:\/\/www.cramer.gmbh\/fr\/wp-json\/wp\/v2\/media?parent=3138"}],"curies":[{"name":"wp","href":"https:\/\/api.w.org\/{rel}","templated":true}]}}