{"id":3144,"date":"2017-02-15T14:10:22","date_gmt":"2017-02-15T13:10:22","guid":{"rendered":"http:\/\/cramer.lake-studio.de\/verfugen"},"modified":"2020-11-27T10:51:56","modified_gmt":"2020-11-27T09:51:56","slug":"outils-pour-joints","status":"publish","type":"page","link":"https:\/\/www.cramer.gmbh\/fr\/outils-pour-joints","title":{"rendered":"Outils pour joints"},"content":{"rendered":"\n\t\t<section  class=\"content-section    mb-30-xs mb-40-md \" >\n\t\t\t<div class=\"row   \">\n\t\t\t\t[vc_column width=\u00a0\u00bb1\/2&Prime; vc_columns_push=\u00a0\u00bbls-col-md-push-6&Prime;][vc_single_image image=\u00a0\u00bb429&Prime; img_size=\u00a0\u00bblarge\u00a0\u00bb][\/vc_column][vc_column width=\u00a0\u00bb1\/2&Prime; vc_columns_pull=\u00a0\u00bbls-col-md-pull-6&Prime;][vc_column_text]\n<h2>PETITE CAUSE \u2013 GRAND EFFET!<\/h2>\n<p>Aujourd&rsquo;hui, les designers et les planificateurs de salles de bains ne se contentent pas de cr\u00e9er de simples salles de bains, le r\u00e9sultat de leur travail sont d\u2019\u00e9l\u00e9gantes oasis de bien-\u00eatre. Cependant, le plaisir de se baigner peut rapidement \u00eatre g\u00e2ch\u00e9 par des joints d&rsquo;\u00e9tanch\u00e9it\u00e9 laids ou moisis. C&rsquo;est pourquoi les outils \u00e0 \u00ab\u00a0succ\u00e8s garanti\u00a0\u00bb sont tr\u00e8s utiles, notamment dans le domaine des joints en silicone. Avec les sets de jointoiement Cramer, chacun, professionnel ou amateur, peut poser des joints facilement et en toute s\u00e9curit\u00e9. Le r\u00e9sultat est un joint d&rsquo;\u00e9tanch\u00e9it\u00e9 propre et durable pour les salles de bains, qui laisse une impression durable \u2013 un r\u00e9sultat magistral jusque dans les moindres d\u00e9tails.[\/vc_column_text][\/vc_column]\t\t\t<\/div>\n\t\t\t\t\t<\/section>\n\n\t\n","protected":false},"excerpt":{"rendered":"[vc_column width=\"1\/2\" vc_columns_push=\"ls-col-md-push-6\"][vc_single_image image=\"429\" img_size=\"large\"][\/vc_column][vc_column width=\"1\/2\" vc_columns_pull=\"ls-col-md-pull-6\"][vc_column_text] PETITE CAUSE \u2013 GRAND EFFET! Aujourd'hui, les designers et les planificateurs de salles de bains ne se contentent pas de cr\u00e9er de simples <a class=\"moretag\" href=\"https:\/\/www.cramer.gmbh\/fr\/outils-pour-joints\">read more...<\/a>","protected":false},"author":1,"featured_media":0,"parent":0,"menu_order":7,"comment_status":"closed","ping_status":"closed","template":"tmpl\/template-siliconejoints.php","meta":{"_acf_changed":false,"footnotes":""},"class_list":["post-3144","page","type-page","status-publish","hentry"],"acf":[],"_links":{"self":[{"href":"https:\/\/www.cramer.gmbh\/fr\/wp-json\/wp\/v2\/pages\/3144","targetHints":{"allow":["GET"]}}],"collection":[{"href":"https:\/\/www.cramer.gmbh\/fr\/wp-json\/wp\/v2\/pages"}],"about":[{"href":"https:\/\/www.cramer.gmbh\/fr\/wp-json\/wp\/v2\/types\/page"}],"author":[{"embeddable":true,"href":"https:\/\/www.cramer.gmbh\/fr\/wp-json\/wp\/v2\/users\/1"}],"replies":[{"embeddable":true,"href":"https:\/\/www.cramer.gmbh\/fr\/wp-json\/wp\/v2\/comments?post=3144"}],"version-history":[{"count":3,"href":"https:\/\/www.cramer.gmbh\/fr\/wp-json\/wp\/v2\/pages\/3144\/revisions"}],"predecessor-version":[{"id":3275,"href":"https:\/\/www.cramer.gmbh\/fr\/wp-json\/wp\/v2\/pages\/3144\/revisions\/3275"}],"wp:attachment":[{"href":"https:\/\/www.cramer.gmbh\/fr\/wp-json\/wp\/v2\/media?parent=3144"}],"curies":[{"name":"wp","href":"https:\/\/api.w.org\/{rel}","templated":true}]}}