{"id":3148,"date":"2015-09-20T13:42:59","date_gmt":"2015-09-20T11:42:59","guid":{"rendered":"http:\/\/cramer.lake-studio.de\/firmenprofil"},"modified":"2021-10-05T12:20:08","modified_gmt":"2021-10-05T10:20:08","slug":"entreprise","status":"publish","type":"page","link":"https:\/\/www.cramer.gmbh\/fr\/entreprise","title":{"rendered":"Cramer GmbH"},"content":{"rendered":"\n\t\t<section  class=\"content-section    no-margin \" >\n\t\t\t<div class=\"row   \">\n\t\t\t\t[vc_column width=\u00a0\u00bb1\/2&Prime;][vc_column_text el_class=\u00a0\u00bbls-text-right-md\u00a0\u00bb]\n<h1 class=\"h1-nospace\">LA SOCI\u00c9T\u00c9<\/h1>\n<h1 class=\"h1-thin-grey\">CRAMER GmbH<\/h1>\n<p><strong>Au service des clients<\/strong><br \/>\n<strong>Comp\u00e9tente et exp\u00e9riment\u00e9e<\/strong><br \/>\n<strong>Innovante<\/strong><br \/>\n<strong>Responsable<\/strong><br \/>\n<strong>Made in Germany depuis 1972<\/strong>[\/vc_column_text][\/vc_column][vc_column width=\u00a0\u00bb1\/2&Prime;][vc_column_text]La soci\u00e9t\u00e9 Cramer GmbH est une entreprise familiale de taille moyenne g\u00e9r\u00e9e par son propri\u00e9taire. Depuis 1972, nous nous int\u00e9ressons \u00e0 la fabrication de produits de r\u00e9paration et d&rsquo;entretien pour la cuisine et la salle de bains. Ce qui avait initialement commenc\u00e9 avec un kit de r\u00e9paration pour les surfaces c\u00e9ramiques et \u00e9maill\u00e9es n&rsquo;a cess\u00e9 d&rsquo;\u00e9voluer depuis jusqu&rsquo;\u00e0 se transformer en une gamme extr\u00eamement sp\u00e9cialis\u00e9e de produits d&rsquo;entretien et de r\u00e9paration modernes que nous livrons vers plus de 30 pays en tant qu&rsquo;entreprise d&rsquo;envergure internationale. Le nettoyage, l&rsquo;entretien et la r\u00e9paration de surfaces sanitaires constituent notre c\u0153ur de m\u00e9tier. Les produits correspondants s\u00e9duisent l&rsquo;utilisateur final par leur simplicit\u00e9 et leur s\u00e9curit\u00e9 d&rsquo;application tout en fournissant syst\u00e9matiquement un r\u00e9sultat irr\u00e9prochable.<\/p>\n<p>Aux yeux de nos clients, nous sommes un partenaire fiable depuis des d\u00e9cennies. La base de ce succ\u00e8s est constitu\u00e9e par notre personnel parfaitement form\u00e9 et les excellentes conditions cadres sur notre site de production en Allemagne. En tant qu&rsquo;entreprise \u00e0 la pointe du progr\u00e8s, nous nous effor\u00e7ons bien entendu toujours de faire \u00e9voluer nos produits ainsi que l&rsquo;organisation et les processus afin de remplir nos objectifs strat\u00e9giques. Une croissance saine n&rsquo;est cependant possible que dans un environnement vivable et au sein d&rsquo;une soci\u00e9t\u00e9 intacte. Nous assumons nos responsabilit\u00e9s \u2013 par conviction et dans l&rsquo;int\u00e9r\u00eat de tous.[\/vc_column_text][\/vc_column]\t\t\t<\/div>\n\t\t\t\t\t<\/section>\n\n\t\n\t\t<section  class=\"content-section    mt-30-xs mb-30-xs \" >\n\t\t\t<div class=\"row   \">\n\t\t\t\t[vc_column][vc_column_text]<a href=\"https:\/\/www.cramer.gmbh\/wp-content\/uploads\/2018\/11\/cramer-gmbh-enamel-ceramic-cleaner-1.jpg\"><img loading=\"lazy\" decoding=\"async\" class=\"alignnone wp-image-2100 size-size-keyvisual\" src=\"https:\/\/www.cramer.gmbh\/wp-content\/uploads\/2018\/11\/cramer-gmbh-enamel-ceramic-cleaner-1-1200x260.jpg\" alt=\"\" width=\"1200\" height=\"260\" \/><\/a>[\/vc_column_text][\/vc_column]\t\t\t<\/div>\n\t\t\t\t\t<\/section>\n\n\t\n\t\t<section  class=\"content-section    mt-30-xs mb-30-xs \" >\n\t\t\t<div class=\"row   \">\n\t\t\t\t[vc_column width=\u00a0\u00bb1\/2&Prime;][vc_column_text el_class=\u00a0\u00bbls-text-right-md\u00a0\u00bb]\n<h2 class=\"h2-nospace\">NOTRE EXIGENCE<\/h2>\n<h2 class=\"h2-thin-grey\">LA QUALIT\u00c9 \u2013 MADE IN GERMANY<\/h2>\n[\/vc_column_text][\/vc_column][vc_column width=\u00a0\u00bb1\/2&Prime;][vc_column_text]Nos produits sont expliqu\u00e9s de mani\u00e8re simple et compr\u00e9hensible pour tous. Nous attachons une grande importance aux emballages pratiques et agr\u00e9ables, \u00e0 un dosage facile et \u00e0 des tailles adapt\u00e9es aux besoins. Toutes les bombes a\u00e9rosol de 400 ml disposent d&rsquo;un dispositif de s\u00e9curit\u00e9 emp\u00eachant les pulv\u00e9risations accidentelles sur le point de vente. Nos nettoyants ne contiennent aucun composant fortement corrosif ou irritant. Tous les emballages sont bien entendu conformes \u00e0 l&rsquo;obligation l\u00e9gale de marquage des produits.<\/p>\n<p>Lors de la fabrication des vernis de retouche, la pr\u00e9cision des teintes est primordiale \u00e0 nos yeux. Les mastics se caract\u00e9risent par une mise en oeuvre facile et une durabilit\u00e9 \u00e9lev\u00e9e. Nos nettoyants sp\u00e9ciaux sont tr\u00e8s concentr\u00e9s, efficaces et doux \u00e0 la fois. Tous ces points sont d\u00e9cisifs \u2013 ce n&rsquo;est qu&rsquo;en les respectant que le client obtiendra un produit parfait !<\/p>\n<p>Notre gamme de produits est en constante \u00e9volution. Cela implique \u00e9galement une offre \u00e9cologique et donc durable utilisant de pr\u00e9f\u00e9rence des mati\u00e8res premi\u00e8res non polluantes. Des formules et emballages constamment adapt\u00e9s ainsi que le d\u00e9veloppement continuel de nouveaux produits soulignent notre volont\u00e9 de faire \u00e9voluer notre gamme en accord avec les derni\u00e8res avanc\u00e9es. Une collaboration constructive avec les clients et les fournisseurs nous aide \u00e0 y parvenir. Des investissements continus dans nos installations de production garantissent une qualit\u00e9 de fabrication \u00e9lev\u00e9e et constante.[\/vc_column_text][\/vc_column]\t\t\t<\/div>\n\t\t\t\t\t<\/section>\n\n\t\n\t\t<section  class=\"content-section    mt-30-xs mb-30-xs \" >\n\t\t\t<div class=\"row   \">\n\t\t\t\t[vc_column][vc_column_text]<img loading=\"lazy\" decoding=\"async\" class=\"so-widget-image\" src=\"https:\/\/www.cramer.gmbh\/wp-content\/uploads\/2015\/09\/seperator-cramer-verkaufsfoerderung-1200x270.jpg\" alt=\"\" width=\"1200\" height=\"270\" \/>[\/vc_column_text][\/vc_column]\t\t\t<\/div>\n\t\t\t\t\t<\/section>\n\n\t\n\t\t<section  class=\"content-section    no-margin \" >\n\t\t\t<div class=\"row   \">\n\t\t\t\t[vc_column width=\u00a0\u00bb1\/2&Prime;][vc_column_text el_class=\u00a0\u00bbls-text-right-md\u00a0\u00bb]\n<h2 class=\"h2-nospace\">LE PACK+ DE CRAMER<\/h2>\n<h2 class=\"h2-thin-grey\">CONSEIL, FORMATION ET PLUS ENCORE<\/h2>\n[\/vc_column_text][\/vc_column][vc_column width=\u00a0\u00bb1\/2&Prime;][vc_column_text]Outre l&rsquo;offre de produits adapt\u00e9e, un concept de marketing complet est d\u00e9cisif pour notre r\u00e9ussite conjointe. Nous vous \u00e9paulons par cons\u00e9quent de bien des fa\u00e7ons:<\/p>\n<p><strong>SUPPORTS IMPRIM\u00c9S<\/strong><\/p>\n<p>Notre affiche illustrant les mat\u00e9riaux garantit que lors de la vente de salles de bains, les conseils relatifs aux mat\u00e9riaux et la recommandation correspondante concernant le nettoyage et l&rsquo;entretien appropri\u00e9s deviennent partie int\u00e9grante de la conversation avec le client. Avec nos fiches produit, votre personnel a les principales informations produit sous la main \u2013 pr\u00e9sent\u00e9es de mani\u00e8re compacte et claire. La matrice experts CRAMER facilite le choix des bons produits en tenant compte des surfaces respectives. Le prospectus destin\u00e9 au client final offre un bref aper\u00e7u du produit et comprend, en outre, un nuancier pour les coloris sanitaires disponibles.<\/p>\n<p><strong>SUPPORTS NUM\u00c9RIQUES<\/strong><\/p>\n<p>Notre site web affiche une pr\u00e9sentation claire et offre des r\u00e9ponses \u00e0 toutes les questions concernant notre gamme de produits sous forme de petits films. Notre site web mobile, accessible simplement via le code QR sur le point de vente, offre en outre diverses vid\u00e9os de d\u00e9monstration et explications via votre smartphone.<\/p>\n<p>Nous favorisons par ailleurs les ventes gr\u00e2ce \u00e0 des mesures d&rsquo;accompagnement telles que la participation \u00e0 des salons, des communiqu\u00e9s de presse, une newsletter ou des annonces \u2013 et nous nous concertons volontiers avec nos clients \u00e0 ce sujet ![\/vc_column_text][\/vc_column]\t\t\t<\/div>\n\t\t\t\t\t<\/section>\n\n\t\n","protected":false},"excerpt":{"rendered":"[vc_column width=\"1\/2\"][vc_column_text el_class=\"ls-text-right-md\"] LA SOCI\u00c9T\u00c9 CRAMER GmbH Au service des clients Comp\u00e9tente et exp\u00e9riment\u00e9e Innovante Responsable Made in Germany depuis 1972[\/vc_column_text][\/vc_column][vc_column width=\"1\/2\"][vc_column_text]La soci\u00e9t\u00e9 Cramer GmbH est une entreprise familiale de <a class=\"moretag\" href=\"https:\/\/www.cramer.gmbh\/fr\/entreprise\">read more...<\/a>","protected":false},"author":1,"featured_media":0,"parent":0,"menu_order":20,"comment_status":"closed","ping_status":"closed","template":"","meta":{"_acf_changed":false,"footnotes":""},"class_list":["post-3148","page","type-page","status-publish","hentry"],"acf":[],"_links":{"self":[{"href":"https:\/\/www.cramer.gmbh\/fr\/wp-json\/wp\/v2\/pages\/3148","targetHints":{"allow":["GET"]}}],"collection":[{"href":"https:\/\/www.cramer.gmbh\/fr\/wp-json\/wp\/v2\/pages"}],"about":[{"href":"https:\/\/www.cramer.gmbh\/fr\/wp-json\/wp\/v2\/types\/page"}],"author":[{"embeddable":true,"href":"https:\/\/www.cramer.gmbh\/fr\/wp-json\/wp\/v2\/users\/1"}],"replies":[{"embeddable":true,"href":"https:\/\/www.cramer.gmbh\/fr\/wp-json\/wp\/v2\/comments?post=3148"}],"version-history":[{"count":10,"href":"https:\/\/www.cramer.gmbh\/fr\/wp-json\/wp\/v2\/pages\/3148\/revisions"}],"predecessor-version":[{"id":3395,"href":"https:\/\/www.cramer.gmbh\/fr\/wp-json\/wp\/v2\/pages\/3148\/revisions\/3395"}],"wp:attachment":[{"href":"https:\/\/www.cramer.gmbh\/fr\/wp-json\/wp\/v2\/media?parent=3148"}],"curies":[{"name":"wp","href":"https:\/\/api.w.org\/{rel}","templated":true}]}}