{"id":3278,"date":"2015-10-14T09:56:00","date_gmt":"2015-10-14T07:56:00","guid":{"rendered":"http:\/\/cramer.lake-studio.de\/bezugsquellen"},"modified":"2020-11-30T11:05:14","modified_gmt":"2020-11-30T10:05:14","slug":"sources-dapprovisionnement","status":"publish","type":"page","link":"https:\/\/www.cramer.gmbh\/fr\/sources-dapprovisionnement","title":{"rendered":"Sources d&rsquo;approvisionnement"},"content":{"rendered":"\n\t\t<section  class=\"content-section    mt-30-xs mb-30-xs \" >\n\t\t\t<div class=\"row   \">\n\t\t\t\t[vc_column width=\u00a0\u00bb1\/2&Prime;][vc_column_text el_class=\u00a0\u00bbls-text-right-md\u00a0\u00bb]\n<h1 class=\"h2-nospace h1-nospace\">SOURCE D&rsquo;APPROVISIONNEMENT<\/h1>\n<h1 class=\"h2-thin-grey h1-thin-grey\">DE NOS PRODUITS<\/h1>\n[\/vc_column_text][\/vc_column][vc_column width=\u00a0\u00bb1\/2&Prime;][vc_column_text]\n<h3>CONSOMMATEUR FINAL<\/h3>\n<p>Nous vous conseillons de vous adresser au commerce sp\u00e9cialis\u00e9 dans le domaine sanitaire. Si vous ne pouvez pas vous procurer les articles aupr\u00e8s de votre revendeur sp\u00e9cialis\u00e9, vous avez la possibilit\u00e9 de les commander aupr\u00e8s de diff\u00e9rents revendeurs sur Internet.<\/p>\n<div class=\"hr\"><hr \/><\/div>\n<h3>D\u00c9TAILLANTS DE PRODUITS SANITAIRES<\/h3>\n<p>Veuillez nous envoyer votre demande directement. <a href=\"https:\/\/www.cramer.gmbh\/fr\/nous-contacter\">Formulaire de contact<\/a><\/p>\n[\/vc_column_text][\/vc_column]\t\t\t<\/div>\n\t\t\t\t\t<\/section>\n\n\t\n","protected":false},"excerpt":{"rendered":"[vc_column width=\"1\/2\"][vc_column_text el_class=\"ls-text-right-md\"] SOURCE D'APPROVISIONNEMENT DE NOS PRODUITS [\/vc_column_text][\/vc_column][vc_column width=\"1\/2\"][vc_column_text] CONSOMMATEUR FINAL Nous vous conseillons de vous adresser au commerce sp\u00e9cialis\u00e9 dans le domaine sanitaire. Si vous ne pouvez pas <a class=\"moretag\" href=\"https:\/\/www.cramer.gmbh\/fr\/sources-dapprovisionnement\">read more...<\/a>","protected":false},"author":1,"featured_media":0,"parent":0,"menu_order":21,"comment_status":"closed","ping_status":"closed","template":"","meta":{"_acf_changed":false,"footnotes":""},"class_list":["post-3278","page","type-page","status-publish","hentry"],"acf":[],"_links":{"self":[{"href":"https:\/\/www.cramer.gmbh\/fr\/wp-json\/wp\/v2\/pages\/3278","targetHints":{"allow":["GET"]}}],"collection":[{"href":"https:\/\/www.cramer.gmbh\/fr\/wp-json\/wp\/v2\/pages"}],"about":[{"href":"https:\/\/www.cramer.gmbh\/fr\/wp-json\/wp\/v2\/types\/page"}],"author":[{"embeddable":true,"href":"https:\/\/www.cramer.gmbh\/fr\/wp-json\/wp\/v2\/users\/1"}],"replies":[{"embeddable":true,"href":"https:\/\/www.cramer.gmbh\/fr\/wp-json\/wp\/v2\/comments?post=3278"}],"version-history":[{"count":4,"href":"https:\/\/www.cramer.gmbh\/fr\/wp-json\/wp\/v2\/pages\/3278\/revisions"}],"predecessor-version":[{"id":3353,"href":"https:\/\/www.cramer.gmbh\/fr\/wp-json\/wp\/v2\/pages\/3278\/revisions\/3353"}],"wp:attachment":[{"href":"https:\/\/www.cramer.gmbh\/fr\/wp-json\/wp\/v2\/media?parent=3278"}],"curies":[{"name":"wp","href":"https:\/\/api.w.org\/{rel}","templated":true}]}}