{"id":3280,"date":"2015-08-22T09:18:52","date_gmt":"2015-08-22T07:18:52","guid":{"rendered":"http:\/\/cramer.lake-studio.de\/impressum"},"modified":"2020-11-27T12:57:37","modified_gmt":"2020-11-27T11:57:37","slug":"informations-legales","status":"publish","type":"page","link":"https:\/\/www.cramer.gmbh\/fr\/informations-legales","title":{"rendered":"Informations l\u00e9gales"},"content":{"rendered":"\n\t\t<section  class=\"content-section    no-margin \" >\n\t\t\t<div class=\"row   \">\n\t\t\t\t[vc_column width=\u00a0\u00bb1\/2&Prime;][vc_column_text el_class=\u00a0\u00bbls-text-right-md\u00a0\u00bb]\n<h1 class=\"h2-thin-grey h1-thin-grey\">INFORMATIONS L\u00c9GALES<\/h1>\n[\/vc_column_text][\/vc_column][vc_column width=\u00a0\u00bb1\/2&Prime;][vc_column_text]<strong>CRAMER GmbH<\/strong><br \/>\nSalzstra\u00dfe 8 A<br \/>\n85622 Feldkirchen bei M\u00fcnchen<\/p>\n<p>T\u00e9l\u00e9phone: +49 (0)89 99909770<br \/>\nFax: +49 (0)89 999097777<br \/>\nE-mail: &#x69;&#x6e;&#x66;&#x6f;&#64;&#99;ram&#x65;&#x72;&#x2d;&#x67;&#109;&#98;h&#46;d&#x65;<br \/>\nInternet: www.cramer.gmbh<\/p>\n<p>Si\u00e8ge: Feldkirchen bei M\u00fcnchen<br \/>\nTribunal d&rsquo;enregistrement : tribunal d&rsquo;instance de Munich<br \/>\nN\u00b0 d&rsquo;enregistrement: HRB 79687<br \/>\nRepr\u00e9sentants autoris\u00e9s directeurs g\u00e9n\u00e9raux:<br \/>\nPeter Heuberger, Christian Heuberger<br \/>\nNum\u00e9ro d&rsquo;identification TVA conform\u00e9ment au \u00a7 27 a de la loi allemande sur la taxe sur la valeur ajout\u00e9e:<br \/>\nDE 169255775<\/p>\n<p>Responsable du contenu gem. \u00a7 6 MDStV: Peter Heuberger[\/vc_column_text][\/vc_column]\t\t\t<\/div>\n\t\t\t\t\t<\/section>\n\n\t\n\t\t<section  class=\"content-section    mt-30-xs mb-30-xs \" >\n\t\t\t<div class=\"row   \">\n\t\t\t\t[vc_column][ls_vc_divider][\/vc_column]\t\t\t<\/div>\n\t\t\t\t\t<\/section>\n\n\t\n\t\t<section  class=\"content-section    no-margin \" >\n\t\t\t<div class=\"row   \">\n\t\t\t\t[vc_column][vc_column_text]\n<h3>Haftungshinweis<\/h3>\n<p>Alle in unseren Internetseiten enthaltenen Informationen wurden von der Cramer GmbH oder Dritten sorgf\u00e4ltig recherchiert und gepr\u00fcft. F\u00fcr die Richtigkeit, Vollst\u00e4ndigkeit und Aktualit\u00e4t k\u00f6nnen weder die Cramer GmbH noch Dritte die Haftung \u00fcbernehmen. Alle Angaben dienen ausschlie\u00dflich zur Information der Besucher der Cramer Web-Seiten. Im \u00dcbrigen ist die Haftung auf Vorsatz oder grobe Fahrl\u00e4ssigkeit beschr\u00e4nkt. Unser Angebot enth\u00e4lt Links zu externen Internetseiten Dritter, auf deren Inhalte wir keinen Einfluss haben. Deshalb k\u00f6nnen wir f\u00fcr diese fremden Inhalte auch keine Gew\u00e4hr \u00fcbernehmen. F\u00fcr die Inhalte der verlinkten Seiten ist stets der jeweilige Anbieter oder Betreiber der Seiten verantwortlich. Die verlinkten Seiten wurden zum Zeitpunkt der Verlinkung auf m\u00f6gliche Rechtsverst\u00f6\u00dfe \u00fcberpr\u00fcft. Rechtswidrige Inhalte waren zum Zeitpunkt der Verlinkung nicht erkennbar. Eine permanente inhaltliche Kontrolle der verlinkten Seiten ist jedoch ohne konkrete Anhaltspunkte einer Rechtsverletzung nicht zumutbar. Bei Bekanntwerden von Rechtsverletzungen werden wir derartige Links umgehend entfernen. Des weiteren besteht die M\u00f6glichkeit, dass die Internetseiten der Cramer GmbH mit einer anderen Web-Seiten mittels Hyperlink verlinkt worden ist. Die Cramer GmbH \u00fcbernimmt keine Verantwortung f\u00fcr Darstellung, Inhalt oder irgendeine Verbindung zu Cramer in Internetseiten Dritter. Au\u00dferdem beh\u00e4lt sich die Cramer GmbH das Recht vor, \u00c4nderungen oder Erg\u00e4nzungen der bereitgestellten Informationen vorzunehmen.<\/p>\n<h3>Urheberrecht<\/h3>\n<p>Der Inhalt und die Struktur der Cramer GmbH Internetseite unterliegen dem deutschen Urheberrecht. Die Vervielf\u00e4ltigung von Informationen oder Daten, insbesondere die Verwendung von Texten, Textteilen oder Bildmaterial bedarf der ausdr\u00fccklichen vorherigen Zustimmung der Cramer GmbH. Die Vervielf\u00e4ltigung, Bearbeitung, Verbreitung und jede Art der Verwertung au\u00dferhalb der Grenzen des Urheberrechtes bed\u00fcrfen der schriftlichen Zustimmung der Cramer GmbH. Downloads und Kopien dieser Seite sind nur f\u00fcr den privaten, nicht kommerziellen Gebrauch gestattet. Soweit die Inhalte auf dieser Seite nicht von uns erstellt wurden, werden die Urheberrechte Dritter beachtet. Sollten Sie trotzdem auf eine Urheberrechtsverletzung aufmerksam werden, bitten wir um einen entsprechenden Hinweis. Bei Bekanntwerden von Rechtsverletzungen werden wir derartige Inhalte umgehend entfernen. Quellenangaben f\u00fcr die verwendeten Bilder und Grafiken:<\/p>\n<p><a title=\"cramer-gmbh.de\" href=\"https:\/\/www.cramer.gmbh\">www.cramer.gmbh<\/a><br \/>\n<a title=\"www.fotolia.de\" href=\"http:\/\/www.fotolia.de\" target=\"_blank\" rel=\"nofollow noopener noreferrer\">www.fotolia.de<\/a><\/p>\n<h3 id=\"datenschutz\">Datenschutz<\/h3>\n<p>Die Cramer GmbH nimmt den Schutz Ihrer pers\u00f6nlichen Daten sehr ernst. Wenn Sie diese Website benutzen, werden verschiedene personenbezogene Daten erhoben. Personenbezogene Daten sind Daten, mit denen Sie pers\u00f6nlich identifiziert werden k\u00f6nnen. In unserer Datenschutzerkl\u00e4rung wird erl\u00e4utert, welche Daten erhoben werden und wof\u00fcr wir sie nutzen. Detaillierte Informationen finden Sie in unserer\u00a0<a title=\"Datenschutzerkl\u00e4rung\" href=\"https:\/\/www.cramer.gmbh\/datenschutzerklaerung\">Datenschutzerkl\u00e4rung.<\/a><\/p>\n<h3>Verwendung unserer Impressumsdaten<strong><br \/>\n<\/strong><\/h3>\n<p>Wir widersprechen ausdr\u00fccklich jeder Speicherung, Verwendung oder Weitergabe der hier ver\u00f6ffentlichten Angaben zu gewerblichen Zwecken.<\/p>\n<h3>Streitschlichtung<\/h3>\n<p>Die Europ\u00e4ische Kommission stellt eine Plattform zur Online-Streitbeilegung (OS) bereit: <a href=\"https:\/\/ec.europa.eu\/consumers\/odr\" target=\"_blank\" rel=\"noopener noreferrer\">https:\/\/ec.europa.eu\/consumers\/odr<\/a>.\u00a0Unsere E-Mail-Adresse finden Sie oben im Impressum.\u00a0Wir sind nicht bereit oder verpflichtet, an Streitbeilegungsverfahren vor einer Verbraucherschlichtungsstelle teilzunehmen.<\/p>\n<h3>Salvatorische Klausel<\/h3>\n<p>Sollte eine dieser Bestimmungen unwirksam sein, so wird dadurch die Wirksamkeit der \u00fcbrigen Bestimmungen nicht ber\u00fchrt. Unwirksame Bestimmungen werden nach M\u00f6glichkeit durch solche wirksamen Bestimmungen ersetzt, die den angestrebten wirtschaftlichen bzw. rechtlichen Zweck weitgehend erreichen.\u00a0<div class=\"ls-shortcode-wrapper shortcode-spacer clearfix\"><div class=\"spacer\"  style=\"height: 30px\"><\/div><\/div>[\/vc_column_text][\/vc_column]\t\t\t<\/div>\n\t\t\t\t\t<\/section>\n\n\t\n","protected":false},"excerpt":{"rendered":"[vc_column width=\"1\/2\"][vc_column_text el_class=\"ls-text-right-md\"] INFORMATIONS L\u00c9GALES [\/vc_column_text][\/vc_column][vc_column width=\"1\/2\"][vc_column_text]CRAMER GmbH Salzstra\u00dfe 8 A 85622 Feldkirchen bei M\u00fcnchen T\u00e9l\u00e9phone: +49 (0)89 99909770 Fax: +49 (0)89 999097777 E-mail: inf&#111;&#64;&#99;&#114;&#x61;&#x6d;&#x65;&#x72;&#x2d;&#x67;&#x6d;bh&#46;&#100;&#101; Internet: www.cramer.gmbh Si\u00e8ge: Feldkirchen bei <a class=\"moretag\" href=\"https:\/\/www.cramer.gmbh\/fr\/informations-legales\">read more...<\/a>","protected":false},"author":1,"featured_media":0,"parent":0,"menu_order":28,"comment_status":"closed","ping_status":"closed","template":"","meta":{"_acf_changed":false,"footnotes":""},"class_list":["post-3280","page","type-page","status-publish","hentry"],"acf":[],"_links":{"self":[{"href":"https:\/\/www.cramer.gmbh\/fr\/wp-json\/wp\/v2\/pages\/3280","targetHints":{"allow":["GET"]}}],"collection":[{"href":"https:\/\/www.cramer.gmbh\/fr\/wp-json\/wp\/v2\/pages"}],"about":[{"href":"https:\/\/www.cramer.gmbh\/fr\/wp-json\/wp\/v2\/types\/page"}],"author":[{"embeddable":true,"href":"https:\/\/www.cramer.gmbh\/fr\/wp-json\/wp\/v2\/users\/1"}],"replies":[{"embeddable":true,"href":"https:\/\/www.cramer.gmbh\/fr\/wp-json\/wp\/v2\/comments?post=3280"}],"version-history":[{"count":2,"href":"https:\/\/www.cramer.gmbh\/fr\/wp-json\/wp\/v2\/pages\/3280\/revisions"}],"predecessor-version":[{"id":3288,"href":"https:\/\/www.cramer.gmbh\/fr\/wp-json\/wp\/v2\/pages\/3280\/revisions\/3288"}],"wp:attachment":[{"href":"https:\/\/www.cramer.gmbh\/fr\/wp-json\/wp\/v2\/media?parent=3280"}],"curies":[{"name":"wp","href":"https:\/\/api.w.org\/{rel}","templated":true}]}}