{"id":3029,"date":"2017-02-08T07:43:43","date_gmt":"2017-02-08T06:43:43","guid":{"rendered":"http:\/\/cramer.lake-studio.de\/home"},"modified":"2022-08-19T10:27:53","modified_gmt":"2022-08-19T08:27:53","slug":"home","status":"publish","type":"page","link":"https:\/\/www.cramer.gmbh\/it","title":{"rendered":"Home (IT)"},"content":{"rendered":"\n\t\t<section  class=\"content-section  pt-30-xs pb-30-xs pt-70-md pb-70-md  no-margin \" >\n\t\t\t<div class=\"row   \">\n\t\t\t\t[vc_column width=&#8221;1\/2&#8243; el_class=&#8221;rechts&#8221;][vc_column_text]\n<h1>CRAMER \u2013 GLI ESPERTI DELLE SUPERFICI SANITARIE<\/h1>\n[\/vc_column_text][\/vc_column][vc_column width=&#8221;1\/2&#8243; el_class=&#8221;links&#8221;][vc_column_text]Un bagno moderno non \u00e8 costituito solamente da superfici in ceramica e\/o smaltate. Oggi si trovano numerosi materiali e superfici come l&#8217;acrilico, la marmoresina (o mineralmarmo) o le superfici easy-to-clean. Questo trasforma la pulizia in un compito piuttosto impegnativo: un normale detergente per superfici sanitarie pu\u00f2 danneggiare la vasca da bagno smaltata, cos\u00ec come un normale detergente per vetri pu\u00f2 compromettere la tenuta delle guarnizioni della doccia. I clienti, spesso sovraccarichi di cose da fare in casa, raramente controllano le scritte in piccolo su un prodotto per la pulizia. Tuttavia, il rivenditore di articoli sanitari sar\u00e0 il primo a cui rivolgersi nel caso in cui la pulizia sia andata male o i sanitari si siano danneggiati a causa di una disattenzione.<\/p>\n<p>Cramer offre un assortimento completo che tiene conto delle richieste e delle esigenze dei clienti. Quale aggiunta ideale alla vostra gamma di prodotti per il bagno, non solo vi aiuter\u00e0 a mantenere il vostro volume di vendite, ma addirittura di aumentarlo. Trasformiamo i vostri dipendenti in esperti di superfici sanitarie e informiamo i vostri clienti (nel punto vendita) sulle varie possibilit\u00e0 di riparazione e cura di alta qualit\u00e0. La vostra competenza unita ad una corretta consulenza di vendita sono la chiave per la soddisfazione del cliente e quindi garantiscono un successo a lungo termine attraverso alti margini aggiuntivi ed ad una corrispondente offerta di prodotti.[\/vc_column_text][\/vc_column]\t\t\t<\/div>\n\t\t\t\t\t<\/section>\n\n\t\n\t\t<section  class=\"content-section    no-margin \" >\n\t\t\t<div class=\"row   \">\n\t\t\t\t[vc_column][ls_vc_product vc_values=&#8221;%5B%7B%22vc_product_background%22%3A%22reinigung-und-pflege%22%2C%22vc_product_title%22%3A%22PULIZIA%20%26%20CURA%20%22%2C%22vc_product_teaser%22%3A%22I%20nostri%20detergenti%20speciali%20per%20la%20corretta%20pulizia%20e%20la%20cura%20delle%20superfici%20sanitarie%22%2C%22vc_product_image%22%3A%221846%22%2C%22vc_product_link%22%3A%22url%3Ahttps%253A%252F%252Fwww.cramer.gmbh%252Fit%252Fpulizia-e-cura%22%7D%2C%7B%22vc_product_background%22%3A%22perfekt-reparieren%22%2C%22vc_product_title%22%3A%22RIPARAZIONI%20PERFETTE%20%22%2C%22vc_product_teaser%22%3A%22La%20nostra%20gamma%20di%20prodotti%20per%20eliminare%20i%20piccoli%20danni%20nel%20vostro%20bagno%22%2C%22vc_product_image%22%3A%22567%22%2C%22vc_product_link%22%3A%22url%3Ahttps%253A%252F%252Fwww.cramer.gmbh%252Fit%252Friparazione-perfetta%22%7D%2C%7B%22vc_product_background%22%3A%22fugenwerkzeuge%22%2C%22vc_product_title%22%3A%22PERFEZIONE%20FINO%20ALL%E2%80%99ULTIMO%20DETTAGLIO%20%22%2C%22vc_product_teaser%22%3A%22I%20nostri%20strumenti%20per%20giunture%20impeccabili%20%E2%80%93%20%5Cnsenza%20l%E2%80%99uso%20di%20distanziatori%22%2C%22vc_product_image%22%3A%22429%22%2C%22vc_product_link%22%3A%22url%3Ahttps%253A%252F%252Fwww.cramer.gmbh%252Fit%252Futensili-di-profilazione%22%7D%5D&#8221;][\/vc_column]\t\t\t<\/div>\n\t\t\t\t\t<\/section>\n\n\t\n\t\t<section  class=\"content-section  pt-30-xs pb-30-xs pt-70-md pb-70-md  no-margin \" >\n\t\t\t<div class=\"row   \">\n\t\t\t\t[vc_column width=&#8221;1\/2&#8243; el_class=&#8221;rechts&#8221;][vc_column_text]\n<h2 class=\"h2-nospace\">SOLUZIONI DI PRODOTTO INNOVATIVE<\/h2>\n<h2 class=\"h2-thin-grey\">USER-FRIENDLY E UNICHE<\/h2>\n[\/vc_column_text][\/vc_column][vc_column width=&#8221;1\/2&#8243;][vc_column_text]La nostra linea di prodotti per superfici sanitarie offre ai vostri clienti una soluzione adeguata in ogni ambito: pulizia, cura, manutenzione e riparazione. Nello sviluppo dei nostri prodotti prestiamo molta attenzione allo specifico materiale cui sono destinati, al modo d\u2019uso (facile e sicuro) e al risultato che deve sempre essere perfetto. Le caratteristiche particolari e le qualit\u00e0 uniche dei nostri prodotti sono state pi\u00f9 volte certificate dal T\u00dcV e soddisfano i pi\u00f9 elevati standard allo scopo di allungare significativamente la vita del vostro bagno.[\/vc_column_text][\/vc_column]\t\t\t<\/div>\n\t\t\t\t\t<\/section>\n\n\t\n\t\t<section  class=\"content-section    no-margin \" >\n\t\t\t<div class=\"row   \">\n\t\t\t\t[vc_column][vc_single_image image=&#8221;2608&#8243; img_size=&#8221;full&#8221;][\/vc_column]\t\t\t<\/div>\n\t\t\t\t\t<\/section>\n\n\t\n\t\t<section  class=\"content-section  pt-30-xs pb-30-xs pt-70-md pb-70-md  no-margin \" >\n\t\t\t<div class=\"row   \">\n\t\t\t\t[vc_column width=&#8221;1\/2&#8243; el_class=&#8221;rechts&#8221;][vc_column_text]\n<h2 class=\"h2-nospace\">IL BAGNO DI OGGI<\/h2>\n<h2 class=\"h2-thin-grey\">ECCO PERCH\u00c9 UN BAGNO BEN CURATO \u00c8 IMPORTANTE PER NOI<\/h2>\n[\/vc_column_text][\/vc_column][vc_column width=&#8221;1\/2&#8243; el_class=&#8221;links&#8221;][vc_column_text]In bagno tutti desideriamo concentrarci sulle nostre necessit\u00e0. \u00c8 un luogo dove tutti ci soffermiamo indisturbati pi\u00f9 volte al giorno. In passato i bagni dovevano essere essenzialmente pratici. La funzionalit\u00e0 precedeva il design &#8211; la praticit\u00e0 aveva la priorit\u00e0 sull&#8217;estetica. Oggi i bagni sono oasi di riposo e svago. Ci immergiamo nella vasca da bagno calda non solo per lavarci, ma anche per ritrovare il nostro benessere mentale e il sollievo dallo stress. Questo \u00e8 esattamente il motivo per cui un bagno bello e, soprattutto, ben curato \u00e8 cos\u00ec importante per noi.[\/vc_column_text][\/vc_column]\t\t\t<\/div>\n\t\t\t\t\t<\/section>\n\n\t\n","protected":false},"excerpt":{"rendered":"[vc_column width=\"1\/2\" el_class=\"rechts\"][vc_column_text] CRAMER \u2013 GLI ESPERTI DELLE SUPERFICI SANITARIE [\/vc_column_text][\/vc_column][vc_column width=\"1\/2\" el_class=\"links\"][vc_column_text]Un bagno moderno non \u00e8 costituito solamente da superfici in ceramica e\/o smaltate. Oggi si trovano numerosi materiali <a class=\"moretag\" href=\"https:\/\/www.cramer.gmbh\/it\">read more...<\/a>","protected":false},"author":3,"featured_media":0,"parent":0,"menu_order":1,"comment_status":"open","ping_status":"closed","template":"tmpl\/template-home.php","meta":{"_acf_changed":false,"footnotes":""},"class_list":["post-3029","page","type-page","status-publish","hentry"],"acf":[],"_links":{"self":[{"href":"https:\/\/www.cramer.gmbh\/it\/wp-json\/wp\/v2\/pages\/3029","targetHints":{"allow":["GET"]}}],"collection":[{"href":"https:\/\/www.cramer.gmbh\/it\/wp-json\/wp\/v2\/pages"}],"about":[{"href":"https:\/\/www.cramer.gmbh\/it\/wp-json\/wp\/v2\/types\/page"}],"author":[{"embeddable":true,"href":"https:\/\/www.cramer.gmbh\/it\/wp-json\/wp\/v2\/users\/3"}],"replies":[{"embeddable":true,"href":"https:\/\/www.cramer.gmbh\/it\/wp-json\/wp\/v2\/comments?post=3029"}],"version-history":[{"count":13,"href":"https:\/\/www.cramer.gmbh\/it\/wp-json\/wp\/v2\/pages\/3029\/revisions"}],"predecessor-version":[{"id":3481,"href":"https:\/\/www.cramer.gmbh\/it\/wp-json\/wp\/v2\/pages\/3029\/revisions\/3481"}],"wp:attachment":[{"href":"https:\/\/www.cramer.gmbh\/it\/wp-json\/wp\/v2\/media?parent=3029"}],"curies":[{"name":"wp","href":"https:\/\/api.w.org\/{rel}","templated":true}]}}