{"id":3042,"date":"2017-02-15T13:58:12","date_gmt":"2017-02-15T12:58:12","guid":{"rendered":"http:\/\/cramer.lake-studio.de\/reinigen"},"modified":"2022-08-19T08:27:29","modified_gmt":"2022-08-19T06:27:29","slug":"pulizia-e-cura","status":"publish","type":"page","link":"https:\/\/www.cramer.gmbh\/it\/pulizia-e-cura","title":{"rendered":"Pulizia e cura"},"content":{"rendered":"\n\t\t<section  class=\"content-section    mb-30-xs mb-40-md \" >\n\t\t\t<div class=\"row   \">\n\t\t\t\t[vc_column width=&#8221;1\/2&#8243; vc_columns_push=&#8221;ls-col-md-push-6&#8243;][vc_single_image image=&#8221;1846&#8243; img_size=&#8221;large&#8221;][\/vc_column][vc_column width=&#8221;1\/2&#8243; vc_columns_pull=&#8221;ls-col-md-pull-6&#8243;][vc_column_text]\n<h2 class=\"h2-thin-grey\">A BELLEZZA NON \u00c8 FUGACE<\/h2>\n<p>Una corretta pulizia e cura del bagno pu\u00f2 essere piuttosto impegnativa. A volte \u00e8 difficile sapere come pulire una vasca da bagno smaltata, un piatto doccia in acrilico o un lavabo in mineralmarmo &#8211; anche per i professionisti. I detergenti commerciali rivelano solo in piccola parte i danni che possono verificarsi quando vengono applicati su varie superfici sanitarie. Non esiste sul mercato un &#8220;detergente multiuso&#8221; delicato ma completo. Aggiornate oggi stesso i vostri clienti su come pulire e mantenere correttamente le loro attrezzature da bagno di alta qualit\u00e0. La linea di prodotti Cramer per la pulizia e la cura, venduti e raccomandati da professionisti delle superfici sanitarie &#8211; un servizio che i clienti apprezzeranno sicuramente![\/vc_column_text][\/vc_column]\t\t\t<\/div>\n\t\t\t\t\t<\/section>\n\n\t\n","protected":false},"excerpt":{"rendered":"[vc_column width=\"1\/2\" vc_columns_push=\"ls-col-md-push-6\"][vc_single_image image=\"1846\" img_size=\"large\"][\/vc_column][vc_column width=\"1\/2\" vc_columns_pull=\"ls-col-md-pull-6\"][vc_column_text] A BELLEZZA NON \u00c8 FUGACE Una corretta pulizia e cura del bagno pu\u00f2 essere piuttosto impegnativa. A volte \u00e8 difficile sapere come pulire <a class=\"moretag\" href=\"https:\/\/www.cramer.gmbh\/it\/pulizia-e-cura\">read more...<\/a>","protected":false},"author":3,"featured_media":0,"parent":0,"menu_order":4,"comment_status":"closed","ping_status":"closed","template":"tmpl\/template-cleaning.php","meta":{"_acf_changed":false,"footnotes":""},"class_list":["post-3042","page","type-page","status-publish","hentry"],"acf":[],"_links":{"self":[{"href":"https:\/\/www.cramer.gmbh\/it\/wp-json\/wp\/v2\/pages\/3042","targetHints":{"allow":["GET"]}}],"collection":[{"href":"https:\/\/www.cramer.gmbh\/it\/wp-json\/wp\/v2\/pages"}],"about":[{"href":"https:\/\/www.cramer.gmbh\/it\/wp-json\/wp\/v2\/types\/page"}],"author":[{"embeddable":true,"href":"https:\/\/www.cramer.gmbh\/it\/wp-json\/wp\/v2\/users\/3"}],"replies":[{"embeddable":true,"href":"https:\/\/www.cramer.gmbh\/it\/wp-json\/wp\/v2\/comments?post=3042"}],"version-history":[{"count":3,"href":"https:\/\/www.cramer.gmbh\/it\/wp-json\/wp\/v2\/pages\/3042\/revisions"}],"predecessor-version":[{"id":3420,"href":"https:\/\/www.cramer.gmbh\/it\/wp-json\/wp\/v2\/pages\/3042\/revisions\/3420"}],"wp:attachment":[{"href":"https:\/\/www.cramer.gmbh\/it\/wp-json\/wp\/v2\/media?parent=3042"}],"curies":[{"name":"wp","href":"https:\/\/api.w.org\/{rel}","templated":true}]}}