{"id":3045,"date":"2017-02-15T14:09:06","date_gmt":"2017-02-15T13:09:06","guid":{"rendered":"http:\/\/cramer.lake-studio.de\/reparieren"},"modified":"2022-08-19T08:32:15","modified_gmt":"2022-08-19T06:32:15","slug":"riparazione-perfetta","status":"publish","type":"page","link":"https:\/\/www.cramer.gmbh\/it\/riparazione-perfetta","title":{"rendered":"Riparazione perfetta"},"content":{"rendered":"\n\t\t<section  class=\"content-section    mb-30-xs mb-40-md \" >\n\t\t\t<div class=\"row   \">\n\t\t\t\t[vc_column width=&#8221;1\/2&#8243; vc_columns_push=&#8221;ls-col-md-push-6&#8243;][vc_single_image image=&#8221;433&#8243; img_size=&#8221;large&#8221;][\/vc_column][vc_column width=&#8221;1\/2&#8243; vc_columns_pull=&#8221;ls-col-md-pull-6&#8243;][vc_column_text]\n<h2 class=\"h2-thin-grey\">ACCESSORI DA BAGNO DANNEGGIATI \u2013 COSA FARE?<\/h2>\n<p>Pu\u00f2 capitare a tutti che durante i lavori un attrezzo cada nella vasca nuova oppure che la bottiglia di profumo scivoli dalle dita bagnate. Vedere i propri sanitari danneggiati \u00e8 sempre molto fastidioso. Tuttavia tali danni possono essere rimossi in modo semplice e professionale. Il presupposto per una riparazione perfetta \u00e8 la qualit\u00e0 del materiale. Per una riparazione duratura \u00e8 fondamentale l&#8217;uso di componenti di alta qualit\u00e0. Se si utilizza un materiale di scarsa qualit\u00e0 l&#8217;area danneggiata non verr\u00e0 protetta e alla fine la riparazione potrebbe essere visibile. Con i nostri prodotti \u00e8 facile ripristinare professionalmente tali danni e renderli praticamente invisibili.[\/vc_column_text][\/vc_column]\t\t\t<\/div>\n\t\t\t\t\t<\/section>\n\n\t\n","protected":false},"excerpt":{"rendered":"[vc_column width=\"1\/2\" vc_columns_push=\"ls-col-md-push-6\"][vc_single_image image=\"433\" img_size=\"large\"][\/vc_column][vc_column width=\"1\/2\" vc_columns_pull=\"ls-col-md-pull-6\"][vc_column_text] ACCESSORI DA BAGNO DANNEGGIATI \u2013 COSA FARE? Pu\u00f2 capitare a tutti che durante i lavori un attrezzo cada nella vasca nuova oppure che <a class=\"moretag\" href=\"https:\/\/www.cramer.gmbh\/it\/riparazione-perfetta\">read more...<\/a>","protected":false},"author":3,"featured_media":0,"parent":0,"menu_order":6,"comment_status":"closed","ping_status":"closed","template":"tmpl\/template-repair.php","meta":{"_acf_changed":false,"footnotes":""},"class_list":["post-3045","page","type-page","status-publish","hentry"],"acf":[],"_links":{"self":[{"href":"https:\/\/www.cramer.gmbh\/it\/wp-json\/wp\/v2\/pages\/3045","targetHints":{"allow":["GET"]}}],"collection":[{"href":"https:\/\/www.cramer.gmbh\/it\/wp-json\/wp\/v2\/pages"}],"about":[{"href":"https:\/\/www.cramer.gmbh\/it\/wp-json\/wp\/v2\/types\/page"}],"author":[{"embeddable":true,"href":"https:\/\/www.cramer.gmbh\/it\/wp-json\/wp\/v2\/users\/3"}],"replies":[{"embeddable":true,"href":"https:\/\/www.cramer.gmbh\/it\/wp-json\/wp\/v2\/comments?post=3045"}],"version-history":[{"count":4,"href":"https:\/\/www.cramer.gmbh\/it\/wp-json\/wp\/v2\/pages\/3045\/revisions"}],"predecessor-version":[{"id":3473,"href":"https:\/\/www.cramer.gmbh\/it\/wp-json\/wp\/v2\/pages\/3045\/revisions\/3473"}],"wp:attachment":[{"href":"https:\/\/www.cramer.gmbh\/it\/wp-json\/wp\/v2\/media?parent=3045"}],"curies":[{"name":"wp","href":"https:\/\/api.w.org\/{rel}","templated":true}]}}