{"id":3048,"date":"2017-02-15T14:10:22","date_gmt":"2017-02-15T13:10:22","guid":{"rendered":"http:\/\/cramer.lake-studio.de\/verfugen"},"modified":"2022-08-19T08:34:03","modified_gmt":"2022-08-19T06:34:03","slug":"utensili-di-profilazione","status":"publish","type":"page","link":"https:\/\/www.cramer.gmbh\/it\/utensili-di-profilazione","title":{"rendered":"Utensili di profilazione"},"content":{"rendered":"\n\t\t<section  class=\"content-section    mb-30-xs mb-40-md \" >\n\t\t\t<div class=\"row   \">\n\t\t\t\t[vc_column width=&#8221;1\/2&#8243; vc_columns_push=&#8221;ls-col-md-push-6&#8243;][vc_single_image image=&#8221;429&#8243; img_size=&#8221;large&#8221;][\/vc_column][vc_column width=&#8221;1\/2&#8243; vc_columns_pull=&#8221;ls-col-md-pull-6&#8243;][vc_column_text]\n<h2 class=\"h2-thin-grey\">CON UN PICCOLO GESTO,<br \/>\nUN GRANDE RISULTATO!<\/h2>\n<p>I designer e i progettisti non creano pi\u00f9 soltanto semplici bagni, ma vere e proprie eleganti oasi di benessere. Tuttavia, il piacere di un ambiente cos\u00ec ricercato pu\u00f2 essere facilmente sminuito da giunture brutte o ammuffite. Pertanto, soprattutto in questo settore, sono molto utili gli strumenti in grado di offrire una &#8220;garanzia di successo&#8221;. Con gli strumenti di profilatura Cramer tutti, sia i professionisti che gli operatori fai-da-te, possono eseguire giunture in modo semplice e professionale. I risultati sono giunture precise e durature per il vostro bagno che lasciano un&#8217;impressione di lunga durata fino all&#8217;ultimo dettaglio.[\/vc_column_text][\/vc_column]\t\t\t<\/div>\n\t\t\t\t\t<\/section>\n\n\t\n","protected":false},"excerpt":{"rendered":"[vc_column width=\"1\/2\" vc_columns_push=\"ls-col-md-push-6\"][vc_single_image image=\"429\" img_size=\"large\"][\/vc_column][vc_column width=\"1\/2\" vc_columns_pull=\"ls-col-md-pull-6\"][vc_column_text] CON UN PICCOLO GESTO, UN GRANDE RISULTATO! I designer e i progettisti non creano pi\u00f9 soltanto semplici bagni, ma vere e proprie eleganti <a class=\"moretag\" href=\"https:\/\/www.cramer.gmbh\/it\/utensili-di-profilazione\">read more...<\/a>","protected":false},"author":3,"featured_media":0,"parent":0,"menu_order":7,"comment_status":"closed","ping_status":"closed","template":"tmpl\/template-siliconejoints.php","meta":{"_acf_changed":false,"footnotes":""},"class_list":["post-3048","page","type-page","status-publish","hentry"],"acf":[],"_links":{"self":[{"href":"https:\/\/www.cramer.gmbh\/it\/wp-json\/wp\/v2\/pages\/3048","targetHints":{"allow":["GET"]}}],"collection":[{"href":"https:\/\/www.cramer.gmbh\/it\/wp-json\/wp\/v2\/pages"}],"about":[{"href":"https:\/\/www.cramer.gmbh\/it\/wp-json\/wp\/v2\/types\/page"}],"author":[{"embeddable":true,"href":"https:\/\/www.cramer.gmbh\/it\/wp-json\/wp\/v2\/users\/3"}],"replies":[{"embeddable":true,"href":"https:\/\/www.cramer.gmbh\/it\/wp-json\/wp\/v2\/comments?post=3048"}],"version-history":[{"count":4,"href":"https:\/\/www.cramer.gmbh\/it\/wp-json\/wp\/v2\/pages\/3048\/revisions"}],"predecessor-version":[{"id":3475,"href":"https:\/\/www.cramer.gmbh\/it\/wp-json\/wp\/v2\/pages\/3048\/revisions\/3475"}],"wp:attachment":[{"href":"https:\/\/www.cramer.gmbh\/it\/wp-json\/wp\/v2\/media?parent=3048"}],"curies":[{"name":"wp","href":"https:\/\/api.w.org\/{rel}","templated":true}]}}